{"id":1524,"date":"2022-08-23T18:21:04","date_gmt":"2022-08-23T16:21:04","guid":{"rendered":"http:\/\/asso-israa.fr\/maquettes\/mqtA\/?page_id=1524"},"modified":"2022-08-23T18:21:04","modified_gmt":"2022-08-23T16:21:04","slug":"gouvernance","status":"publish","type":"page","link":"https:\/\/asso-israa.fr\/maquettes\/mqtE\/lassociation-israa\/gouvernance\/","title":{"rendered":"Gouvernance"},"content":{"rendered":"<h3>LISTE DU CONSEIL D&rsquo;ADMINISTRATION &#8211; ISRAA<\/h3>\n<h4>MISE A JOUR C.A constitutif AG 29 mars 2022<\/h4>\n<p>Par respect des statuts, tout nouveau candidat au Conseil d&rsquo;Administration doit effectuer<br \/>\nune ann\u00e9e en tant qu&rsquo;auditeur<\/p>\n<ul>\n<li><strong>BAUDRIN<\/strong> St\u00e9phanie <em>Administratrice<\/em><\/li>\n<li><strong>BELLORGET<\/strong> Florence <em>Administratrice<\/em><\/li>\n<li><strong>DETREZ<\/strong> Marie Claude <em>Pr\u00e9sidente<\/em><\/li>\n<li><strong>DEWEZ<\/strong> St\u00e9phane <em>Secr\u00e9taire<\/em><\/li>\n<li><strong>DUHAMEL\u00a0<\/strong> Patricia <em>Auditrice<\/em><\/li>\n<li><strong>DUPUIS<\/strong> Laurence <em>Auditrice<\/em><\/li>\n<li><strong>HEAULME<\/strong>\u00a0 Daphn\u00e9 <em>Administratrice<\/em><\/li>\n<li><strong>SION<\/strong> Danielle <em>Administratrice<\/em><\/li>\n<li><strong>TERNEL<\/strong> Val\u00e9rie<em> Administratrice<\/em><\/li>\n<li><strong>VANDEWEEGHE<\/strong> Luc Tr\u00e9sorier<\/li>\n<li><strong>WROBEL<\/strong> Isabelle Auditrice<\/li>\n<\/ul>\n<p>&nbsp;<\/p>\n<p>&nbsp;<\/p>\n<p>&nbsp;<\/p>\n<p>&nbsp;<\/p>\n<p>lundi, avril 11, 2022<\/p>\n","protected":false},"excerpt":{"rendered":"<p>LISTE DU CONSEIL D&rsquo;ADMINISTRATION &#8211; ISRAA MISE A JOUR C.A constitutif AG 29 mars 2022 Par respect des statuts, tout nouveau candidat au Conseil d&rsquo;Administration doit effectuer une ann\u00e9e en tant qu&rsquo;auditeur BAUDRIN St\u00e9phanie Administratrice BELLORGET Florence Administratrice DETREZ Marie Claude Pr\u00e9sidente DEWEZ St\u00e9phane Secr\u00e9taire DUHAMEL\u00a0 Patricia Auditrice DUPUIS Laurence Auditrice HEAULME\u00a0 Daphn\u00e9 Administratrice SION&hellip; <br \/> <a class=\"read-more\" href=\"https:\/\/asso-israa.fr\/maquettes\/mqtE\/lassociation-israa\/gouvernance\/\">Lire la suite<\/a><\/p>\n","protected":false},"author":1,"featured_media":0,"parent":1478,"menu_order":3,"comment_status":"closed","ping_status":"closed","template":"page-templates\/page-with-right-sidebar.php","meta":{"_lmt_disableupdate":"no","_lmt_disable":"","footnotes":""},"categories":[],"tags":[],"class_list":["post-1524","page","type-page","status-publish","hentry"],"_links":{"self":[{"href":"https:\/\/asso-israa.fr\/maquettes\/mqtE\/wp-json\/wp\/v2\/pages\/1524","targetHints":{"allow":["GET"]}}],"collection":[{"href":"https:\/\/asso-israa.fr\/maquettes\/mqtE\/wp-json\/wp\/v2\/pages"}],"about":[{"href":"https:\/\/asso-israa.fr\/maquettes\/mqtE\/wp-json\/wp\/v2\/types\/page"}],"author":[{"embeddable":true,"href":"https:\/\/asso-israa.fr\/maquettes\/mqtE\/wp-json\/wp\/v2\/users\/1"}],"replies":[{"embeddable":true,"href":"https:\/\/asso-israa.fr\/maquettes\/mqtE\/wp-json\/wp\/v2\/comments?post=1524"}],"version-history":[{"count":0,"href":"https:\/\/asso-israa.fr\/maquettes\/mqtE\/wp-json\/wp\/v2\/pages\/1524\/revisions"}],"up":[{"embeddable":true,"href":"https:\/\/asso-israa.fr\/maquettes\/mqtE\/wp-json\/wp\/v2\/pages\/1478"}],"wp:attachment":[{"href":"https:\/\/asso-israa.fr\/maquettes\/mqtE\/wp-json\/wp\/v2\/media?parent=1524"}],"wp:term":[{"taxonomy":"category","embeddable":true,"href":"https:\/\/asso-israa.fr\/maquettes\/mqtE\/wp-json\/wp\/v2\/categories?post=1524"},{"taxonomy":"post_tag","embeddable":true,"href":"https:\/\/asso-israa.fr\/maquettes\/mqtE\/wp-json\/wp\/v2\/tags?post=1524"}],"curies":[{"name":"wp","href":"https:\/\/api.w.org\/{rel}","templated":true}]}}