{"id":1534,"date":"2022-08-23T18:24:44","date_gmt":"2022-08-23T16:24:44","guid":{"rendered":"http:\/\/asso-israa.fr\/maquettes\/mqtA\/?page_id=1534"},"modified":"2022-08-23T18:24:44","modified_gmt":"2022-08-23T16:24:44","slug":"plaquettes-de-presentation-israa","status":"publish","type":"page","link":"https:\/\/asso-israa.fr\/maquettes\/mqtE\/lassociation-israa\/documentation-israa\/plaquettes-de-presentation-israa\/","title":{"rendered":"Plaquettes de pr\u00e9sentation ISRAA"},"content":{"rendered":"<hr \/>\n<a href=\"https:\/\/asso-israa.fr\/maquettes\/mqtE\/wp-content\/uploads\/2022\/08\/7-israa-recto-NIVEAU-3.pdf\" class=\"pdfemb-viewer\" style=\"\" data-width=\"max\" data-height=\"max\" data-toolbar=\"bottom\" data-toolbar-fixed=\"off\">7 israa-recto NIVEAU 3<\/a>\n<p><a href=\"http:\/\/asso-israa.fr\/maquettes\/mqtE\/wp-content\/uploads\/2022\/08\/7-israa-recto-NIVEAU-3.pdf\">T\u00e9l\u00e9charger cette page<\/a><\/p>\n<hr \/>\n<a href=\"https:\/\/asso-israa.fr\/maquettes\/mqtE\/wp-content\/uploads\/2022\/08\/7-israa-verso-NIVEAU-3.pdf\" class=\"pdfemb-viewer\" style=\"\" data-width=\"max\" data-height=\"max\" data-toolbar=\"bottom\" data-toolbar-fixed=\"off\">7 israa-verso NIVEAU 3<\/a>\n<p><a href=\"http:\/\/asso-israa.fr\/maquettes\/mqtE\/wp-content\/uploads\/2022\/08\/7-israa-verso-NIVEAU-3.pdf\">T\u00e9l\u00e9charger cette page<\/a><\/p>\n<p>&nbsp;<\/p>\n","protected":false},"excerpt":{"rendered":"<p>T\u00e9l\u00e9charger cette page T\u00e9l\u00e9charger cette page &nbsp;<\/p>\n","protected":false},"author":1,"featured_media":0,"parent":1528,"menu_order":5,"comment_status":"closed","ping_status":"closed","template":"page-templates\/page-with-right-sidebar.php","meta":{"_lmt_disableupdate":"no","_lmt_disable":"","footnotes":""},"categories":[],"tags":[],"class_list":["post-1534","page","type-page","status-publish","hentry"],"_links":{"self":[{"href":"https:\/\/asso-israa.fr\/maquettes\/mqtE\/wp-json\/wp\/v2\/pages\/1534","targetHints":{"allow":["GET"]}}],"collection":[{"href":"https:\/\/asso-israa.fr\/maquettes\/mqtE\/wp-json\/wp\/v2\/pages"}],"about":[{"href":"https:\/\/asso-israa.fr\/maquettes\/mqtE\/wp-json\/wp\/v2\/types\/page"}],"author":[{"embeddable":true,"href":"https:\/\/asso-israa.fr\/maquettes\/mqtE\/wp-json\/wp\/v2\/users\/1"}],"replies":[{"embeddable":true,"href":"https:\/\/asso-israa.fr\/maquettes\/mqtE\/wp-json\/wp\/v2\/comments?post=1534"}],"version-history":[{"count":0,"href":"https:\/\/asso-israa.fr\/maquettes\/mqtE\/wp-json\/wp\/v2\/pages\/1534\/revisions"}],"up":[{"embeddable":true,"href":"https:\/\/asso-israa.fr\/maquettes\/mqtE\/wp-json\/wp\/v2\/pages\/1528"}],"wp:attachment":[{"href":"https:\/\/asso-israa.fr\/maquettes\/mqtE\/wp-json\/wp\/v2\/media?parent=1534"}],"wp:term":[{"taxonomy":"category","embeddable":true,"href":"https:\/\/asso-israa.fr\/maquettes\/mqtE\/wp-json\/wp\/v2\/categories?post=1534"},{"taxonomy":"post_tag","embeddable":true,"href":"https:\/\/asso-israa.fr\/maquettes\/mqtE\/wp-json\/wp\/v2\/tags?post=1534"}],"curies":[{"name":"wp","href":"https:\/\/api.w.org\/{rel}","templated":true}]}}