{"id":1727,"date":"2022-08-23T17:44:18","date_gmt":"2022-08-23T15:44:18","guid":{"rendered":"http:\/\/asso-israa.fr\/maquettes\/mqtA\/?page_id=1486"},"modified":"2022-12-21T11:38:28","modified_gmt":"2022-12-21T10:38:28","slug":"adhesions-et-dons","status":"publish","type":"page","link":"https:\/\/asso-israa.fr\/maquettes\/mqtE\/adhesions-et-dons\/","title":{"rendered":"Adh\u00e9sions et Dons"},"content":{"rendered":"<h2>Adh\u00e9sions :<\/h2>\n<ul>\n<li>\n<h3>Adh\u00e9sion en ligne<\/h3>\n<ul>\n<li>\n<h4>Par <a href=\"https:\/\/www.helloasso.com\/associations\/association-israa-innover-sensibiliser-reagir-pour-l-avenir-des-personnes-autistes\/adhesions\/adhesions-2022-1\">HelloAsso<\/a><\/h4>\n<\/li>\n<\/ul>\n<\/li>\n<\/ul>\n<p>&nbsp;<\/p>\n<ul>\n<li>\n<h3>Adh\u00e9sion avec formulaire<\/h3>\n<\/li>\n<\/ul>\n<p>&nbsp;<\/p>\n<h2><\/h2>\n<h2>Dons :<\/h2>\n<ul>\n<li>\n<h3>Dons en ligne<\/h3>\n<ul>\n<li>\n<h4>Par <a href=\"https:\/\/www.helloasso.com\/associations\/association-israa-innover-sensibiliser-reagir-pour-l-avenir-des-personnes-autistes\">HelloAsso<\/a><\/h4>\n<\/li>\n<\/ul>\n<\/li>\n<\/ul>\n<p>&nbsp;<\/p>\n<ul>\n<li>\n<h3>Dons avec formulaire<\/h3>\n<ul>\n<li><\/li>\n<\/ul>\n<\/li>\n<\/ul>\n","protected":false},"excerpt":{"rendered":"<p>Adh\u00e9sions : Adh\u00e9sion en ligne Par HelloAsso &nbsp; Adh\u00e9sion avec formulaire &nbsp; Dons : Dons en ligne Par HelloAsso &nbsp; Dons avec formulaire<\/p>\n","protected":false},"author":1,"featured_media":0,"parent":0,"menu_order":0,"comment_status":"closed","ping_status":"closed","template":"page-templates\/page-with-right-sidebar.php","meta":{"_lmt_disableupdate":"no","_lmt_disable":"","footnotes":""},"categories":[],"tags":[],"class_list":["post-1727","page","type-page","status-publish","hentry"],"_links":{"self":[{"href":"https:\/\/asso-israa.fr\/maquettes\/mqtE\/wp-json\/wp\/v2\/pages\/1727","targetHints":{"allow":["GET"]}}],"collection":[{"href":"https:\/\/asso-israa.fr\/maquettes\/mqtE\/wp-json\/wp\/v2\/pages"}],"about":[{"href":"https:\/\/asso-israa.fr\/maquettes\/mqtE\/wp-json\/wp\/v2\/types\/page"}],"author":[{"embeddable":true,"href":"https:\/\/asso-israa.fr\/maquettes\/mqtE\/wp-json\/wp\/v2\/users\/1"}],"replies":[{"embeddable":true,"href":"https:\/\/asso-israa.fr\/maquettes\/mqtE\/wp-json\/wp\/v2\/comments?post=1727"}],"version-history":[{"count":0,"href":"https:\/\/asso-israa.fr\/maquettes\/mqtE\/wp-json\/wp\/v2\/pages\/1727\/revisions"}],"wp:attachment":[{"href":"https:\/\/asso-israa.fr\/maquettes\/mqtE\/wp-json\/wp\/v2\/media?parent=1727"}],"wp:term":[{"taxonomy":"category","embeddable":true,"href":"https:\/\/asso-israa.fr\/maquettes\/mqtE\/wp-json\/wp\/v2\/categories?post=1727"},{"taxonomy":"post_tag","embeddable":true,"href":"https:\/\/asso-israa.fr\/maquettes\/mqtE\/wp-json\/wp\/v2\/tags?post=1727"}],"curies":[{"name":"wp","href":"https:\/\/api.w.org\/{rel}","templated":true}]}}