{"id":1764,"date":"2022-09-08T20:43:04","date_gmt":"2022-09-08T18:43:04","guid":{"rendered":"http:\/\/asso-israa.fr\/maquettes\/mqtA\/?page_id=1764"},"modified":"2022-09-08T20:43:04","modified_gmt":"2022-09-08T18:43:04","slug":"rapport-dactivites-2019","status":"publish","type":"page","link":"https:\/\/asso-israa.fr\/maquettes\/mqtE\/lassociation-israa\/rapport-dactivites-2022-2019\/rapport-dactivites-2019\/","title":{"rendered":"Rapport d&rsquo;activit\u00e9s 2019"},"content":{"rendered":"<div class=\"_df_book df-lite\" id=\"df_1624\"  _slug=\"israa-activites-2019\" data-title=\"israa-activites-2019\" wpoptions=\"true\" thumbtype=\"\" ><\/div><script class=\"df-shortcode-script\" nowprocket type=\"application\/javascript\">window.option_df_1624 = {\"outline\":[],\"autoEnableOutline\":\"false\",\"autoEnableThumbnail\":\"false\",\"overwritePDFOutline\":\"false\",\"direction\":\"1\",\"pageSize\":\"0\",\"source\":\"http:\\\/\\\/asso-israa.fr\\\/maquettes\\\/mqtA\\\/wp-content\\\/uploads\\\/2022\\\/08\\\/4-ISRAA-RAPPORT-D-ACTIVITES-2019-NIVEAU-3.pdf\",\"wpOptions\":\"true\"}; if(window.DFLIP && window.DFLIP.parseBooks){window.DFLIP.parseBooks();}<\/script>\n<table style=\"border-collapse: collapse; width: 100%;\">\n<tbody>\n<tr>\n<td style=\"width: 50%; text-align: center; vertical-align: middle;\"><a href=\"http:\/\/asso-israa.fr\/maquettes\/mqtA\/lassociation-israa\/documentation-israa\/israa-activites\/bilans-dactivite\/israa-activites-2018\/\">Ann\u00e9e pr\u00e9c\u00e9dente<\/a><\/td>\n<td style=\"width: 50%; text-align: center; vertical-align: middle;\"><a href=\"http:\/\/asso-israa.fr\/maquettes\/mqtA\/lassociation-israa\/documentation-israa\/israa-activites\/israa-activites-2020\/\">Ann\u00e9e suivante<\/a><\/td>\n<\/tr>\n<\/tbody>\n<\/table>\n","protected":false},"excerpt":{"rendered":"<p>Ann\u00e9e pr\u00e9c\u00e9dente Ann\u00e9e suivante<\/p>\n","protected":false},"author":1,"featured_media":0,"parent":1894,"menu_order":3,"comment_status":"closed","ping_status":"closed","template":"page-templates\/page-with-right-sidebar.php","meta":{"_lmt_disableupdate":"no","_lmt_disable":"","footnotes":""},"categories":[44],"tags":[],"class_list":["post-1764","page","type-page","status-publish","hentry","category-israa-bilan-activites"],"_links":{"self":[{"href":"https:\/\/asso-israa.fr\/maquettes\/mqtE\/wp-json\/wp\/v2\/pages\/1764","targetHints":{"allow":["GET"]}}],"collection":[{"href":"https:\/\/asso-israa.fr\/maquettes\/mqtE\/wp-json\/wp\/v2\/pages"}],"about":[{"href":"https:\/\/asso-israa.fr\/maquettes\/mqtE\/wp-json\/wp\/v2\/types\/page"}],"author":[{"embeddable":true,"href":"https:\/\/asso-israa.fr\/maquettes\/mqtE\/wp-json\/wp\/v2\/users\/1"}],"replies":[{"embeddable":true,"href":"https:\/\/asso-israa.fr\/maquettes\/mqtE\/wp-json\/wp\/v2\/comments?post=1764"}],"version-history":[{"count":0,"href":"https:\/\/asso-israa.fr\/maquettes\/mqtE\/wp-json\/wp\/v2\/pages\/1764\/revisions"}],"up":[{"embeddable":true,"href":"https:\/\/asso-israa.fr\/maquettes\/mqtE\/wp-json\/wp\/v2\/pages\/1894"}],"wp:attachment":[{"href":"https:\/\/asso-israa.fr\/maquettes\/mqtE\/wp-json\/wp\/v2\/media?parent=1764"}],"wp:term":[{"taxonomy":"category","embeddable":true,"href":"https:\/\/asso-israa.fr\/maquettes\/mqtE\/wp-json\/wp\/v2\/categories?post=1764"},{"taxonomy":"post_tag","embeddable":true,"href":"https:\/\/asso-israa.fr\/maquettes\/mqtE\/wp-json\/wp\/v2\/tags?post=1764"}],"curies":[{"name":"wp","href":"https:\/\/api.w.org\/{rel}","templated":true}]}}