{"id":2240,"date":"2022-11-26T15:48:27","date_gmt":"2022-11-26T14:48:27","guid":{"rendered":"https:\/\/asso-israa.fr\/maquettes\/mqtE\/?page_id=2240"},"modified":"2022-11-26T16:32:50","modified_gmt":"2022-11-26T15:32:50","slug":"favoriser-lacces-au-numerique-duplicate-1","status":"publish","type":"page","link":"https:\/\/asso-israa.fr\/maquettes\/mqtE\/lassociation-israa\/notre-projet-associatif-2020-2025\/favoriser-lacces-au-numerique-duplicate-1\/","title":{"rendered":"Favoriser l\u2019acc\u00e8s au num\u00e9rique-duplicate-1"},"content":{"rendered":"<h4 style=\"text-align: right;\"><a href=\"https:\/\/asso-israa.fr\/maquettes\/mqtE\/lassociation-israa\/notre-projet-associatif-2020-2025\/creer-des-moments-decoute-active-dechanges-et-de-partages-dexperience-duplicate-1\/\">PROJET SUIVANT<\/a><\/h4>\n<h4>LE CONTEXTE<\/h4>\n<p>La r\u00e9volution num\u00e9rique est porteuse d\u2019opportunit\u00e9s sociales et soci\u00e9tales mais elle peut repr\u00e9senter un facteur d\u2019in\u00e9galit\u00e9s sociales aupr\u00e8s des personnes \u00ab\u00a0en difficult\u00e9\u00a0\u00bb qui ne poss\u00e8dent pas d\u2019ordinateurs ou ne sont pas autonomes face \u00e0 cette technologie. Nous parlons de\u00a0\u00ab\u00a0fracture num\u00e9rique\u00a0\u00bb.<br \/>\nInt\u00e9grer un volet communication et num\u00e9rique \u00e0 notre projet associatif visera in fine \u00e0 simplifier et \u00e0 clarifier les interactions avec les partenaires et les institutions au moyen d\u2019actions, d\u2019outils et de moyens humains pour accompagner la transition et r\u00e9duire cette fracture num\u00e9rique tant aupr\u00e8s de notre association que de nos r\u00e9sidents.<br \/>\nIl s&rsquo;agit d&rsquo;inscrire pleinement les b\u00e9n\u00e9ficiaires, les aidants familiaux, l&rsquo;association elle-m\u00eame dans la citoyennet\u00e9 num\u00e9rique, en donnant \u00e0 tous les moyens de ma\u00eetriser la communication d\u00e9mat\u00e9rialis\u00e9e.<\/p>\n<h4>DEVELOPPER<\/h4>\n<p>Faire en sorte que l\u2019adulte locataire acc\u00e8de \u00e0 l\u2019autonomie quotidienne au sein de son propre logement et b\u00e9n\u00e9ficie d\u2019un accompagnement personnalis\u00e9 si n\u00e9cessaire, lui permettre de s\u2019approprier les outils num\u00e9riques de communication.<br \/>\nFavoriser l\u2019accessibilit\u00e9 aux sports, loisirs, culture, insertion professionnelle via les sites num\u00e9riques, gr\u00e2ce \u00e0 la cr\u00e9ation de Fiches Faciles \u00e0 Lire et \u00e0 Comprendre<\/p>\n<p>D\u00e9velopper notre visibilit\u00e9 sur internet et les r\u00e9seaux sociaux pour mieux faire valoir notre exp\u00e9rience et nos projets.<\/p>\n<h4>ENRICHIR<\/h4>\n<p>-Faciliter la communication avec la mise en place d\u2019une plate-forme d\u2019accompagnement (\u00e9changes parents-enfants-professionnels-coordination entre les diff\u00e9rents professionnels et institutions) disponible au sein des pi\u00e8ces de vie commune des habitats partag\u00e9s, avec un accompagnement humain .<br \/>\n&#8211; Renforcer notre lisibilit\u00e9 gr\u00e2ce \u00e0 une bonne communication et animation r\u00e9seau, au grand public, sur internet, en marketing direct (d\u00e9marchage physique, e-mail, t\u00e9l\u00e9phone, courrier, des supports\u00a0: brochures, infographie, r\u00e9f\u00e9rentiels), \u00e9v\u00e9nementiel et relations de presse.<\/p>\n<h4>PERENNISER<\/h4>\n<p>Le num\u00e9rique comme levier du vivre ensemble, de sant\u00e9-bien-\u00eatre, culturel et sportif<br \/>\nIdentifier les facteurs cl\u00e9 de succ\u00e8s afin d\u2019envisager une mod\u00e9lisation et un essaimage du programme sur d\u2019autres territoires<br \/>\nS\u2019inscrire dans une d\u00e9marche citoyenne p\u00e9renne qui consiste \u00e0 permettre l\u2019acc\u00e8s aux droits, la facilitation avec les services publics entrainant une participation \u00e0 la vie du quartier<\/p>\n<h4>PARTENAIRES DE L\u2019ACTION.<\/h4>\n<p>La collectivit\u00e9 locale<br \/>\nLe Conseil d\u00e9partemental du Nord<br \/>\nLe Conseil R\u00e9gional<br \/>\nLes fondations<br \/>\nLe Centre de Ressources Autisme Nord<br \/>\nLa MDPH<br \/>\nLe Service \u00e0 Domicile Ted@Dom<br \/>\nL\u2019association Autisme et familles des Hauts de France<br \/>\nLA CAF<br \/>\nLA MEL<br \/>\nAssociation Mouton \u00e0 5 pattes<\/p>\n<p>RESSOURCES MOBILISEES<\/p>\n<p>Le CA d\u2019ISRAA<br \/>\nLe Directeur d\u2019ISRAA et l\u2019\u00e9quipe des salari\u00e9s<br \/>\nLes b\u00e9n\u00e9voles<br \/>\nServices civiques<br \/>\nCharg\u00e9 de mission<\/p>\n","protected":false},"excerpt":{"rendered":"<p>PROJET SUIVANT LE CONTEXTE La r\u00e9volution num\u00e9rique est porteuse d\u2019opportunit\u00e9s sociales et soci\u00e9tales mais elle peut repr\u00e9senter un facteur d\u2019in\u00e9galit\u00e9s sociales aupr\u00e8s des personnes \u00ab\u00a0en difficult\u00e9\u00a0\u00bb qui ne poss\u00e8dent pas d\u2019ordinateurs ou ne sont pas autonomes face \u00e0 cette technologie. Nous parlons de\u00a0\u00ab\u00a0fracture num\u00e9rique\u00a0\u00bb. Int\u00e9grer un volet communication et num\u00e9rique \u00e0 notre projet associatif visera&hellip; <br \/> <a class=\"read-more\" href=\"https:\/\/asso-israa.fr\/maquettes\/mqtE\/lassociation-israa\/notre-projet-associatif-2020-2025\/favoriser-lacces-au-numerique-duplicate-1\/\">Lire la suite<\/a><\/p>\n","protected":false},"author":1,"featured_media":0,"parent":1755,"menu_order":0,"comment_status":"closed","ping_status":"closed","template":"page-templates\/page-with-right-sidebar.php","meta":{"_lmt_disableupdate":"no","_lmt_disable":"","footnotes":""},"categories":[49],"tags":[],"class_list":["post-2240","page","type-page","status-publish","hentry","category-projets"],"_links":{"self":[{"href":"https:\/\/asso-israa.fr\/maquettes\/mqtE\/wp-json\/wp\/v2\/pages\/2240","targetHints":{"allow":["GET"]}}],"collection":[{"href":"https:\/\/asso-israa.fr\/maquettes\/mqtE\/wp-json\/wp\/v2\/pages"}],"about":[{"href":"https:\/\/asso-israa.fr\/maquettes\/mqtE\/wp-json\/wp\/v2\/types\/page"}],"author":[{"embeddable":true,"href":"https:\/\/asso-israa.fr\/maquettes\/mqtE\/wp-json\/wp\/v2\/users\/1"}],"replies":[{"embeddable":true,"href":"https:\/\/asso-israa.fr\/maquettes\/mqtE\/wp-json\/wp\/v2\/comments?post=2240"}],"version-history":[{"count":0,"href":"https:\/\/asso-israa.fr\/maquettes\/mqtE\/wp-json\/wp\/v2\/pages\/2240\/revisions"}],"up":[{"embeddable":true,"href":"https:\/\/asso-israa.fr\/maquettes\/mqtE\/wp-json\/wp\/v2\/pages\/1755"}],"wp:attachment":[{"href":"https:\/\/asso-israa.fr\/maquettes\/mqtE\/wp-json\/wp\/v2\/media?parent=2240"}],"wp:term":[{"taxonomy":"category","embeddable":true,"href":"https:\/\/asso-israa.fr\/maquettes\/mqtE\/wp-json\/wp\/v2\/categories?post=2240"},{"taxonomy":"post_tag","embeddable":true,"href":"https:\/\/asso-israa.fr\/maquettes\/mqtE\/wp-json\/wp\/v2\/tags?post=2240"}],"curies":[{"name":"wp","href":"https:\/\/api.w.org\/{rel}","templated":true}]}}