{"id":2241,"date":"2022-11-26T15:47:09","date_gmt":"2022-11-26T14:47:09","guid":{"rendered":"https:\/\/asso-israa.fr\/maquettes\/mqtE\/?page_id=2241"},"modified":"2022-11-26T16:34:25","modified_gmt":"2022-11-26T15:34:25","slug":"creer-des-moments-decoute-active-dechanges-et-de-partages-dexperience-duplicate-1","status":"publish","type":"page","link":"https:\/\/asso-israa.fr\/maquettes\/mqtE\/lassociation-israa\/notre-projet-associatif-2020-2025\/creer-des-moments-decoute-active-dechanges-et-de-partages-dexperience-duplicate-1\/","title":{"rendered":"Cr\u00e9er des moments d\u2019\u00e9coute active, d\u2019\u00e9changes et de partages d\u2019exp\u00e9rience-duplicate-1"},"content":{"rendered":"<h4 style=\"text-align: right;\"><a href=\"https:\/\/asso-israa.fr\/maquettes\/mqtE\/lassociation-israa\/notre-projet-associatif-2020-2025\/developper-lhabitat-inclusif-pour-adultes-avec-autisme-habited-duplicate-1\/\">PROJET SUIVANT<\/a><\/h4>\n<h4>LE CONTEXTE :<\/h4>\n<p>Nous recevons des t\u00e9moignages de familles d\u00e9sempar\u00e9es face aux difficult\u00e9s \u00e0 surmonter pour faire face au handicap de leur proche.<\/p>\n<p>Nous souhaitons \u00ab\u00a0ouvrir la porte\u00a0\u00bb \u00e0 ces familles, adh\u00e9rentes ou non, qui souhaitent mieux nous conna\u00eetre.<\/p>\n<h4>DEVELOPPER<\/h4>\n<p>Pour les \u00e9changes en pr\u00e9sentiels avec les familles et les autistes<br \/>\nPrivil\u00e9gier des rencontres format \u00ab\u00a0\u00e9change\u00a0\u00bb plut\u00f4t que des \u00ab\u00a0permanence\u00a0\u00bb.<br \/>\nLes personnes pr\u00e9sentes seront \u00ab\u00a0actrices\u00a0\u00bb de la r\u00e9union et non pas dans l\u2019attente de \u00ab\u00a0solutions\u00a0\u00bb<br \/>\nPrivil\u00e9gier la pair-\u00e9mulation<\/p>\n<p>Les \u00e9changes formels avec les familles et autistes<br \/>\nCe mode d\u2019\u00e9change est simple et peut d\u00e9clencher un rendez-vous individuel.<br \/>\nConcevoir une adresse mail g\u00e9n\u00e9rique (ex\u00a0: ecouteisraa.com)<\/p>\n<p>La cr\u00e9ation d\u2019une commission \u00ab\u00a0lien avec les familles\u00a0\u00bb devrait nous permettre de densifier le dialogue avec nos adh\u00e9rents.<\/p>\n<p>Les \u00e9changes entre autistes et entre familles<\/p>\n<p>Voir dans quelle mesure les personnes autistes peuvent \u00e9changer leurs profils<br \/>\n( orientation scolaire, formation et exp\u00e9rience professionnelle, centres d\u2019int\u00e9r\u00eats\u00a0\u2026..)<br \/>\nAfin de d\u00e9clencher des rencontres entre eux.<\/p>\n<h4>ENRICHIR<\/h4>\n<p>Renouveler une formation \u00e0 l\u2019\u00e9coute pour les adh\u00e9rents volontaires<br \/>\nFinalit\u00e9\u00a0: Acqu\u00e9rir les techniques d\u2019\u00e9coute appropri\u00e9es \u00e0 une \u00e9coute individuelle, en pr\u00e9sentiel.<br \/>\nDonner un th\u00e8me \u00e0 chaque r\u00e9union, demander une inscription pr\u00e9alable.<br \/>\nPr\u00e9voir un planning annuel des dates de r\u00e9union et des th\u00e8mes pour que chacun puisse se positionner par anticipation.<br \/>\nProposer la diffusion d\u2019un socle de connaissance sur l\u2019autisme par la directrice d\u2019HabiTED.<\/p>\n<h4>PERENNISER<\/h4>\n<p>La cr\u00e9ation d\u2019une commission \u00ab lien avec les familles \u00bb au sein de l\u2019association permettra d\u2019assoir la relation \u00ab familles et autistes \u00bb sur une structure identifi\u00e9e comme tel qui rassurera les utilisateurs<br \/>\nPour cela, il nous faut r\u00e9diger une note de cadrage et la pr\u00e9senter aux adh\u00e9rents.<\/p>\n<h4>PARTENAIRES DE L\u2019ACTION.<\/h4>\n<p>La collectivit\u00e9 locale<br \/>\nLe Conseil d\u00e9partemental du Nord<br \/>\nLes fondations<br \/>\nLe Centre de Ressources Autisme Nord<br \/>\nLa MDPH<br \/>\nL\u2019association Autisme et familles des Hauts de France<br \/>\nAssociations Maison bulle, C\u0153ur de maman<br \/>\nLe r\u00e9seau scolaire<\/p>\n<h4>RESSOURCES MOBILISEES<\/h4>\n<p>Le CA d\u2019ISRAA<br \/>\nLe Directeur d\u2019ISRAA et l\u2019\u00e9quipe des salari\u00e9s<br \/>\nLes b\u00e9n\u00e9voles<\/p>\n","protected":false},"excerpt":{"rendered":"<p>PROJET SUIVANT LE CONTEXTE : Nous recevons des t\u00e9moignages de familles d\u00e9sempar\u00e9es face aux difficult\u00e9s \u00e0 surmonter pour faire face au handicap de leur proche. Nous souhaitons \u00ab\u00a0ouvrir la porte\u00a0\u00bb \u00e0 ces familles, adh\u00e9rentes ou non, qui souhaitent mieux nous conna\u00eetre. DEVELOPPER Pour les \u00e9changes en pr\u00e9sentiels avec les familles et les autistes Privil\u00e9gier des&hellip; <br \/> <a class=\"read-more\" href=\"https:\/\/asso-israa.fr\/maquettes\/mqtE\/lassociation-israa\/notre-projet-associatif-2020-2025\/creer-des-moments-decoute-active-dechanges-et-de-partages-dexperience-duplicate-1\/\">Lire la suite<\/a><\/p>\n","protected":false},"author":1,"featured_media":0,"parent":1755,"menu_order":0,"comment_status":"closed","ping_status":"closed","template":"page-templates\/page-with-right-sidebar.php","meta":{"_lmt_disableupdate":"no","_lmt_disable":"","footnotes":""},"categories":[49],"tags":[],"class_list":["post-2241","page","type-page","status-publish","hentry","category-projets"],"_links":{"self":[{"href":"https:\/\/asso-israa.fr\/maquettes\/mqtE\/wp-json\/wp\/v2\/pages\/2241","targetHints":{"allow":["GET"]}}],"collection":[{"href":"https:\/\/asso-israa.fr\/maquettes\/mqtE\/wp-json\/wp\/v2\/pages"}],"about":[{"href":"https:\/\/asso-israa.fr\/maquettes\/mqtE\/wp-json\/wp\/v2\/types\/page"}],"author":[{"embeddable":true,"href":"https:\/\/asso-israa.fr\/maquettes\/mqtE\/wp-json\/wp\/v2\/users\/1"}],"replies":[{"embeddable":true,"href":"https:\/\/asso-israa.fr\/maquettes\/mqtE\/wp-json\/wp\/v2\/comments?post=2241"}],"version-history":[{"count":0,"href":"https:\/\/asso-israa.fr\/maquettes\/mqtE\/wp-json\/wp\/v2\/pages\/2241\/revisions"}],"up":[{"embeddable":true,"href":"https:\/\/asso-israa.fr\/maquettes\/mqtE\/wp-json\/wp\/v2\/pages\/1755"}],"wp:attachment":[{"href":"https:\/\/asso-israa.fr\/maquettes\/mqtE\/wp-json\/wp\/v2\/media?parent=2241"}],"wp:term":[{"taxonomy":"category","embeddable":true,"href":"https:\/\/asso-israa.fr\/maquettes\/mqtE\/wp-json\/wp\/v2\/categories?post=2241"},{"taxonomy":"post_tag","embeddable":true,"href":"https:\/\/asso-israa.fr\/maquettes\/mqtE\/wp-json\/wp\/v2\/tags?post=2241"}],"curies":[{"name":"wp","href":"https:\/\/api.w.org\/{rel}","templated":true}]}}