{"id":1581,"date":"2022-08-23T18:48:20","date_gmt":"2022-08-23T16:48:20","guid":{"rendered":"http:\/\/asso-israa.fr\/maquettes\/mqtA\/?page_id=1581"},"modified":"2023-05-31T16:20:22","modified_gmt":"2023-05-31T14:20:22","slug":"nous-aider","status":"publish","type":"page","link":"https:\/\/asso-israa.fr\/maquettes\/mqtF\/nous-aider\/","title":{"rendered":"Nous soutenir"},"content":{"rendered":"<p>I.S.R.A.A. est une association reconnue d&rsquo;int\u00e9r\u00eat g\u00e9n\u00e9ral.<\/p>\n<p>Nous sommes autoris\u00e9s \u00e0 fournir le justificatif fiscal pour chaque don et adh\u00e9sion.<\/p>\n<h3 style=\"text-align: left;\">\u2022 <a href=\"http:\/\/asso-israa.fr\/maquettes\/mqtF\/nous-aider\/les-dons\/\">Les dons<\/a><br \/>\n\u2022 <a href=\"http:\/\/asso-israa.fr\/maquettes\/mqtF\/les-adhesions\/\">Les adh\u00e9sions<\/a><\/h3>\n","protected":false},"excerpt":{"rendered":"<p>I.S.R.A.A. est une association reconnue d&rsquo;int\u00e9r\u00eat g\u00e9n\u00e9ral. Nous sommes autoris\u00e9s \u00e0 fournir le justificatif fiscal pour chaque don et adh\u00e9sion. \u2022 Les dons \u2022 Les adh\u00e9sions<\/p>\n","protected":false},"author":1,"featured_media":0,"parent":0,"menu_order":0,"comment_status":"closed","ping_status":"closed","template":"page-templates\/page-with-right-sidebar.php","meta":{"_lmt_disableupdate":"no","_lmt_disable":"","footnotes":""},"categories":[],"tags":[],"class_list":["post-1581","page","type-page","status-publish","hentry"],"_links":{"self":[{"href":"https:\/\/asso-israa.fr\/maquettes\/mqtF\/wp-json\/wp\/v2\/pages\/1581","targetHints":{"allow":["GET"]}}],"collection":[{"href":"https:\/\/asso-israa.fr\/maquettes\/mqtF\/wp-json\/wp\/v2\/pages"}],"about":[{"href":"https:\/\/asso-israa.fr\/maquettes\/mqtF\/wp-json\/wp\/v2\/types\/page"}],"author":[{"embeddable":true,"href":"https:\/\/asso-israa.fr\/maquettes\/mqtF\/wp-json\/wp\/v2\/users\/1"}],"replies":[{"embeddable":true,"href":"https:\/\/asso-israa.fr\/maquettes\/mqtF\/wp-json\/wp\/v2\/comments?post=1581"}],"version-history":[{"count":4,"href":"https:\/\/asso-israa.fr\/maquettes\/mqtF\/wp-json\/wp\/v2\/pages\/1581\/revisions"}],"predecessor-version":[{"id":3202,"href":"https:\/\/asso-israa.fr\/maquettes\/mqtF\/wp-json\/wp\/v2\/pages\/1581\/revisions\/3202"}],"wp:attachment":[{"href":"https:\/\/asso-israa.fr\/maquettes\/mqtF\/wp-json\/wp\/v2\/media?parent=1581"}],"wp:term":[{"taxonomy":"category","embeddable":true,"href":"https:\/\/asso-israa.fr\/maquettes\/mqtF\/wp-json\/wp\/v2\/categories?post=1581"},{"taxonomy":"post_tag","embeddable":true,"href":"https:\/\/asso-israa.fr\/maquettes\/mqtF\/wp-json\/wp\/v2\/tags?post=1581"}],"curies":[{"name":"wp","href":"https:\/\/api.w.org\/{rel}","templated":true}]}}