{"id":1726,"date":"2022-08-23T17:43:08","date_gmt":"2022-08-23T15:43:08","guid":{"rendered":"http:\/\/asso-israa.fr\/maquettes\/mqtA\/?page_id=1480"},"modified":"2023-03-08T14:43:43","modified_gmt":"2023-03-08T13:43:43","slug":"le-service-a-domicile-teddom","status":"publish","type":"page","link":"https:\/\/asso-israa.fr\/maquettes\/mqtF\/le-service-a-domicile-teddom\/","title":{"rendered":"Le service \u00e0 domicile &#8211; Ted@Dom"},"content":{"rendered":"<h3 style=\"text-align: left;\">\u2022 <a href=\"http:\/\/asso-israa.fr\/maquettes\/mqtE\/le-service-a-domicile-teddom\/presentation-teddom\/\">Pr\u00e9sentation Ted@Dom<\/a><br \/>\n\u2022 <a href=\"http:\/\/asso-israa.fr\/maquettes\/mqtE\/le-service-a-domicile-teddom\/enjeux-teddom\/\">Enjeux Ted@Dom<\/a><br \/>\n\u2022 <a href=\"http:\/\/asso-israa.fr\/maquettes\/mqtE\/le-service-a-domicile-teddom\/projet-de-service-teddom\/\">Projet de service Ted@Dom<\/a><br \/>\n\u2022 <a href=\"http:\/\/asso-israa.fr\/maquettes\/mqtE\/le-service-a-domicile-teddom\/lequipe-de-professionnelslteddom\/\">L\u2019\u00e9quipe de professionnels Ted@Dom<\/a><br \/>\n\u2022 <a href=\"http:\/\/asso-israa.fr\/maquettes\/mqtE\/le-service-a-domicile-teddom\/services-et-tarifs-teddom\/\">Services et tarifs Ted@Dom<\/a><br \/>\n\u2022 <a href=\"http:\/\/asso-israa.fr\/maquettes\/mqtE\/le-service-a-domicile-teddom\/documentation-teddom-2\/\">Documentation Ted@Dom<\/a><br \/>\n\u2022 <a href=\"http:\/\/asso-israa.fr\/maquettes\/mqtE\/le-service-a-domicile-teddom\/documentation-teddom\/contact-teddom\/\">Contact Ted@Dom<\/a><\/h3>\n<p>&nbsp;<\/p>\n<h4>LE CONTEXTE\u00a0:<\/h4>\n<p>Nous avons constat\u00e9 que les organismes prestataires de PCH existants n&rsquo;avaient que peu ou pas de personnels form\u00e9s \u00e0 l&rsquo;autisme, ce qui entra\u00eenait des difficult\u00e9s, voire des souffrances tant pour les b\u00e9n\u00e9ficiaires que pour les intervenants.<\/p>\n<p>Nous avons donc ouvert en janvier 2019 un service d&rsquo;aide \u00e0 domicile sp\u00e9cialis\u00e9, vou\u00e9 exclusivement aux probl\u00e9matiques d&rsquo;autonomie des personnes avec autismes.<br \/>\nIl s\u2019agit du seul service \u00e0 domicile de cette nature dans les Hauts de France.<\/p>\n<h4>DEVELOPPER :<\/h4>\n<p>Dans le souci d\u2019\u00e9viter la discrimination territoriale, ce service est amen\u00e9 \u00e0 se d\u00e9velopper sur le territoire local par l\u2019organisation d\u2019un maillage territorial qui combinera proximit\u00e9 des b\u00e9n\u00e9ficiaires et qualit\u00e9 de vie au travail des salari\u00e9s.<\/p>\n<p>Le d\u00e9veloppement passe par la mise en place de l\u2019accompagnement selon le protocole<br \/>\nd \u2019intervention , qui fait suite au diagnostic m\u00e9dical, et qui tient compte du parcours initial du b\u00e9n\u00e9ficiaire.<\/p>\n<h4>ENRICHIR<\/h4>\n<p>Pour cela , les formations initiale et continue du personnel s\u2019en trouvent renforc\u00e9es.<\/p>\n<p>-Construire un plan de formation pour les salari\u00e9s de Ted@Dom ( rassurance des familles\u00a0; savoir d\u00e9tecter les potentiels)<\/p>\n<p>Nous devons adapter le profil de l\u2019intervenant aux besoins du b\u00e9n\u00e9ficiaire (TISF\u00a0;AMP\u00a0;AVS\u00a0;aide soignant\u00a0; Educ Sp\u00e9\u2026)<\/p>\n<p>Enfin, nous devons \u00eatre pertinent dans la r\u00e9partition des heures d\u2019intervention \u00e0 adapter \u00e0 chaque b\u00e9n\u00e9ficiaire.<\/p>\n<h4>PERENNISER<\/h4>\n<p>-Par respect de la logique de parcours individuel que nous nous engageons \u00e0 mettre en \u0153uvre aupr\u00e8s de nos b\u00e9n\u00e9ficiaires , nous travaillons avec nos partenaires pour int\u00e9grer \u00ab\u00a0TED@DOM\u00a0\u00bb dans le projet de vie global des b\u00e9n\u00e9ficiaires\u00a0en lien avec nos partenaires.<br \/>\n( insertion professionnelle\u00a0; acc\u00e8s aux loisirs\u00a0; acc\u00e8s \u00e0 l\u2019\u00e9cole, suivi para-m\u00e9dical\u00a0\u2026)<\/p>\n<p>Pour cela, ISRAA doit travailler en partenariat avec le CRA, le D\u00e9partement, l\u2019ARS , la MDPH, CAP Emploi , et des structures sp\u00e9cialis\u00e9es .<\/p>\n<p>Fid\u00e9liser les salari\u00e9s en les r\u00e9mun\u00e9rant justement eu \u00e9gard \u00e0 l\u2019accroissement de leurs comp\u00e9tences en mati\u00e8re d\u2019autisme.<\/p>\n<p>Faire reconna\u00eetre notre savoir-faire aupr\u00e8s de nos tutelles, confort\u00e9 par la possibilit\u00e9 d\u2019une labellisation.<\/p>\n<h4>PARTENAIRES DE L\u2019ACTION<\/h4>\n<p>Le Conseil d\u00e9partemental du Nord<br \/>\nL\u2019Agence R\u00e9gionale de la Sant\u00e9<br \/>\nLes fondations<br \/>\nLe Centre de Ressources Autisme Nord<br \/>\nLa MDPH<br \/>\nL\u2019association Autisme et familles des Hauts de France<br \/>\nCAP emploi<br \/>\nAssociations et structures sp\u00e9cialis\u00e9es<br \/>\nCentres de formation<\/p>\n<h4>RESSOURCES MOBILISEES<\/h4>\n<p>Le CA d\u2019ISRAA<br \/>\nLe Directeur d\u2019ISRAA et l\u2019\u00e9quipe des salari\u00e9s<\/p>\n","protected":false},"excerpt":{"rendered":"<p>\u2022 Pr\u00e9sentation Ted@Dom \u2022 Enjeux Ted@Dom \u2022 Projet de service Ted@Dom \u2022 L\u2019\u00e9quipe de professionnels Ted@Dom \u2022 Services et tarifs Ted@Dom \u2022 Documentation Ted@Dom \u2022 Contact Ted@Dom &nbsp; LE CONTEXTE\u00a0: Nous avons constat\u00e9 que les organismes prestataires de PCH existants n&rsquo;avaient que peu ou pas de personnels form\u00e9s \u00e0 l&rsquo;autisme, ce qui entra\u00eenait des difficult\u00e9s,&hellip; <br \/> <a class=\"read-more\" href=\"https:\/\/asso-israa.fr\/maquettes\/mqtF\/le-service-a-domicile-teddom\/\">Lire la suite<\/a><\/p>\n","protected":false},"author":1,"featured_media":0,"parent":0,"menu_order":0,"comment_status":"closed","ping_status":"closed","template":"page-templates\/page-with-right-sidebar.php","meta":{"_lmt_disableupdate":"no","_lmt_disable":"","footnotes":""},"categories":[],"tags":[],"class_list":["post-1726","page","type-page","status-publish","hentry"],"_links":{"self":[{"href":"https:\/\/asso-israa.fr\/maquettes\/mqtF\/wp-json\/wp\/v2\/pages\/1726","targetHints":{"allow":["GET"]}}],"collection":[{"href":"https:\/\/asso-israa.fr\/maquettes\/mqtF\/wp-json\/wp\/v2\/pages"}],"about":[{"href":"https:\/\/asso-israa.fr\/maquettes\/mqtF\/wp-json\/wp\/v2\/types\/page"}],"author":[{"embeddable":true,"href":"https:\/\/asso-israa.fr\/maquettes\/mqtF\/wp-json\/wp\/v2\/users\/1"}],"replies":[{"embeddable":true,"href":"https:\/\/asso-israa.fr\/maquettes\/mqtF\/wp-json\/wp\/v2\/comments?post=1726"}],"version-history":[{"count":1,"href":"https:\/\/asso-israa.fr\/maquettes\/mqtF\/wp-json\/wp\/v2\/pages\/1726\/revisions"}],"predecessor-version":[{"id":3050,"href":"https:\/\/asso-israa.fr\/maquettes\/mqtF\/wp-json\/wp\/v2\/pages\/1726\/revisions\/3050"}],"wp:attachment":[{"href":"https:\/\/asso-israa.fr\/maquettes\/mqtF\/wp-json\/wp\/v2\/media?parent=1726"}],"wp:term":[{"taxonomy":"category","embeddable":true,"href":"https:\/\/asso-israa.fr\/maquettes\/mqtF\/wp-json\/wp\/v2\/categories?post=1726"},{"taxonomy":"post_tag","embeddable":true,"href":"https:\/\/asso-israa.fr\/maquettes\/mqtF\/wp-json\/wp\/v2\/tags?post=1726"}],"curies":[{"name":"wp","href":"https:\/\/api.w.org\/{rel}","templated":true}]}}