{"id":1727,"date":"2022-08-23T17:44:18","date_gmt":"2022-08-23T15:44:18","guid":{"rendered":"http:\/\/asso-israa.fr\/maquettes\/mqtA\/?page_id=1486"},"modified":"2023-05-31T16:23:42","modified_gmt":"2023-05-31T14:23:42","slug":"les-adhesions","status":"publish","type":"page","link":"https:\/\/asso-israa.fr\/maquettes\/mqtF\/les-adhesions\/","title":{"rendered":"Les adh\u00e9sions"},"content":{"rendered":"<p>Venez nous rejoindre pour continuer ensemble cette belle aventure associative.<\/p>\n<p>Adh\u00e9rer \u00e0 ISRAA, c&rsquo;est:<\/p>\n<ul>\n<li>Nous <strong>permettre<\/strong> d&rsquo;accompagner les adultes souffrant de troubles TSA et leur famille.<\/li>\n<li><strong>Rencontrer<\/strong> d&rsquo;autres familles au cours d&rsquo;\u00e9v\u00e8nements.<\/li>\n<li><strong>Participer<\/strong> aux actions collectives.<\/li>\n<\/ul>\n<p>&nbsp;<\/p>\n<p><a href=\"http:\/\/asso-israa.fr\/maquettes\/mqtF\/wp-content\/uploads\/2023\/01\/ISRAA-bulletin-dadhesion-par-cheque.pdf\">J&rsquo;adh\u00e8re par ch\u00e8que.<\/a><\/p>\n<p><a href=\"https:\/\/www.helloasso.com\/associations\/association-israa-innover-sensibiliser-reagir-pour-l-avenir-des-personnes-autistes\">J&rsquo;adh\u00e8re par virement.<\/a><\/p>\n<p>&nbsp;<\/p>\n<p>I.S.R.A.A. est une association reconnue d&rsquo;int\u00e9r\u00eat g\u00e9n\u00e9ral.<\/p>\n<p>Nous sommes autoris\u00e9s \u00e0 fournir le justificatif fiscal pour chaque don et adh\u00e9sion.<\/p>\n","protected":false},"excerpt":{"rendered":"<p>Venez nous rejoindre pour continuer ensemble cette belle aventure associative. Adh\u00e9rer \u00e0 ISRAA, c&rsquo;est: Nous permettre d&rsquo;accompagner les adultes souffrant de troubles TSA et leur famille. Rencontrer d&rsquo;autres familles au cours d&rsquo;\u00e9v\u00e8nements. Participer aux actions collectives. &nbsp; J&rsquo;adh\u00e8re par ch\u00e8que. J&rsquo;adh\u00e8re par virement. &nbsp; I.S.R.A.A. est une association reconnue d&rsquo;int\u00e9r\u00eat g\u00e9n\u00e9ral. Nous sommes autoris\u00e9s \u00e0&hellip; <br \/> <a class=\"read-more\" href=\"https:\/\/asso-israa.fr\/maquettes\/mqtF\/les-adhesions\/\">Lire la suite<\/a><\/p>\n","protected":false},"author":1,"featured_media":0,"parent":0,"menu_order":0,"comment_status":"closed","ping_status":"closed","template":"page-templates\/page-with-right-sidebar.php","meta":{"_lmt_disableupdate":"no","_lmt_disable":"","footnotes":""},"categories":[],"tags":[],"class_list":["post-1727","page","type-page","status-publish","hentry"],"_links":{"self":[{"href":"https:\/\/asso-israa.fr\/maquettes\/mqtF\/wp-json\/wp\/v2\/pages\/1727","targetHints":{"allow":["GET"]}}],"collection":[{"href":"https:\/\/asso-israa.fr\/maquettes\/mqtF\/wp-json\/wp\/v2\/pages"}],"about":[{"href":"https:\/\/asso-israa.fr\/maquettes\/mqtF\/wp-json\/wp\/v2\/types\/page"}],"author":[{"embeddable":true,"href":"https:\/\/asso-israa.fr\/maquettes\/mqtF\/wp-json\/wp\/v2\/users\/1"}],"replies":[{"embeddable":true,"href":"https:\/\/asso-israa.fr\/maquettes\/mqtF\/wp-json\/wp\/v2\/comments?post=1727"}],"version-history":[{"count":12,"href":"https:\/\/asso-israa.fr\/maquettes\/mqtF\/wp-json\/wp\/v2\/pages\/1727\/revisions"}],"predecessor-version":[{"id":3207,"href":"https:\/\/asso-israa.fr\/maquettes\/mqtF\/wp-json\/wp\/v2\/pages\/1727\/revisions\/3207"}],"wp:attachment":[{"href":"https:\/\/asso-israa.fr\/maquettes\/mqtF\/wp-json\/wp\/v2\/media?parent=1727"}],"wp:term":[{"taxonomy":"category","embeddable":true,"href":"https:\/\/asso-israa.fr\/maquettes\/mqtF\/wp-json\/wp\/v2\/categories?post=1727"},{"taxonomy":"post_tag","embeddable":true,"href":"https:\/\/asso-israa.fr\/maquettes\/mqtF\/wp-json\/wp\/v2\/tags?post=1727"}],"curies":[{"name":"wp","href":"https:\/\/api.w.org\/{rel}","templated":true}]}}