{"id":1745,"date":"2022-09-02T08:21:02","date_gmt":"2022-09-02T06:21:02","guid":{"rendered":"http:\/\/asso-israa.fr\/maquettes\/mqtA\/?page_id=1745"},"modified":"2023-04-23T15:32:11","modified_gmt":"2023-04-23T13:32:11","slug":"nos-valeurs-nos-ambitions","status":"publish","type":"page","link":"https:\/\/asso-israa.fr\/maquettes\/mqtF\/lassociation-israa\/nos-valeurs-nos-ambitions\/","title":{"rendered":"Nos valeurs, nos ambitions"},"content":{"rendered":"<h3 style=\"text-align: left;\">Nos valeurs, nos ambitions<\/h3>\n<p style=\"text-align: left;\">Nos valeurs et nos ambitions se traduisent par quelques principes de fonctionnement qui nous guident dans nos d\u00e9cisions et dans nos actions dans le respect des droits fondamentaux que sont la dignit\u00e9, la citoyennet\u00e9, l\u2019\u00e9galit\u00e9 et la solidarit\u00e9\u00a0:<\/p>\n<ul>\n<li style=\"text-align: left;\">La singularit\u00e9 de chaque personne avec TSA doit \u00eatre prise en compte prendre dans les accompagnements propos\u00e9s.<\/li>\n<li style=\"text-align: left;\">Dans toutes nos d\u00e9cisions et nos actions, privil\u00e9gier avant toute autre consid\u00e9ration la d\u00e9fense et le mieux-\u00eatre de nos b\u00e9n\u00e9ficiaires.<\/li>\n<li style=\"text-align: left;\">L\u2019inclusion sociale des personnes avec TSA nous engage \u00e0 chercher \u00e0 saisir l\u2019ensemble des besoins des personnes, travailler \u00e0 la coh\u00e9rence des interventions, construire pour chacun une logique de parcours.<\/li>\n<li style=\"text-align: left;\">Pour favoriser la s\u00e9r\u00e9nit\u00e9 et l\u2019implication de nos salari\u00e9s, syst\u00e9matiser les contrats CDI, garantir un management ouvert et participatif, assurer une formation r\u00e9guli\u00e8re.<\/li>\n<li style=\"text-align: left;\">Agir en toute transparence vis-\u00e0-vis de nos partenaires financiers publics ou priv\u00e9s.<\/li>\n<\/ul>\n","protected":false},"excerpt":{"rendered":"<p>Nos valeurs, nos ambitions Nos valeurs et nos ambitions se traduisent par quelques principes de fonctionnement qui nous guident dans nos d\u00e9cisions et dans nos actions dans le respect des droits fondamentaux que sont la dignit\u00e9, la citoyennet\u00e9, l\u2019\u00e9galit\u00e9 et la solidarit\u00e9\u00a0: La singularit\u00e9 de chaque personne avec TSA doit \u00eatre prise en compte prendre&hellip; <br \/> <a class=\"read-more\" href=\"https:\/\/asso-israa.fr\/maquettes\/mqtF\/lassociation-israa\/nos-valeurs-nos-ambitions\/\">Lire la suite<\/a><\/p>\n","protected":false},"author":1,"featured_media":0,"parent":1478,"menu_order":0,"comment_status":"closed","ping_status":"closed","template":"page-templates\/page-with-right-sidebar.php","meta":{"_lmt_disableupdate":"no","_lmt_disable":"","footnotes":""},"categories":[],"tags":[],"class_list":["post-1745","page","type-page","status-publish","hentry"],"_links":{"self":[{"href":"https:\/\/asso-israa.fr\/maquettes\/mqtF\/wp-json\/wp\/v2\/pages\/1745","targetHints":{"allow":["GET"]}}],"collection":[{"href":"https:\/\/asso-israa.fr\/maquettes\/mqtF\/wp-json\/wp\/v2\/pages"}],"about":[{"href":"https:\/\/asso-israa.fr\/maquettes\/mqtF\/wp-json\/wp\/v2\/types\/page"}],"author":[{"embeddable":true,"href":"https:\/\/asso-israa.fr\/maquettes\/mqtF\/wp-json\/wp\/v2\/users\/1"}],"replies":[{"embeddable":true,"href":"https:\/\/asso-israa.fr\/maquettes\/mqtF\/wp-json\/wp\/v2\/comments?post=1745"}],"version-history":[{"count":1,"href":"https:\/\/asso-israa.fr\/maquettes\/mqtF\/wp-json\/wp\/v2\/pages\/1745\/revisions"}],"predecessor-version":[{"id":3155,"href":"https:\/\/asso-israa.fr\/maquettes\/mqtF\/wp-json\/wp\/v2\/pages\/1745\/revisions\/3155"}],"up":[{"embeddable":true,"href":"https:\/\/asso-israa.fr\/maquettes\/mqtF\/wp-json\/wp\/v2\/pages\/1478"}],"wp:attachment":[{"href":"https:\/\/asso-israa.fr\/maquettes\/mqtF\/wp-json\/wp\/v2\/media?parent=1745"}],"wp:term":[{"taxonomy":"category","embeddable":true,"href":"https:\/\/asso-israa.fr\/maquettes\/mqtF\/wp-json\/wp\/v2\/categories?post=1745"},{"taxonomy":"post_tag","embeddable":true,"href":"https:\/\/asso-israa.fr\/maquettes\/mqtF\/wp-json\/wp\/v2\/tags?post=1745"}],"curies":[{"name":"wp","href":"https:\/\/api.w.org\/{rel}","templated":true}]}}