{"id":1750,"date":"2022-09-08T20:25:04","date_gmt":"2022-09-08T18:25:04","guid":{"rendered":"http:\/\/asso-israa.fr\/maquettes\/mqtA\/?page_id=1750"},"modified":"2023-06-22T18:14:53","modified_gmt":"2023-06-22T16:14:53","slug":"notre-histoire","status":"publish","type":"page","link":"https:\/\/asso-israa.fr\/maquettes\/mqtF\/lassociation-israa\/notre-histoire\/","title":{"rendered":"Notre histoire"},"content":{"rendered":"<h2>ISRAA<\/h2>\n<h3>G\u00e9n\u00e8se<\/h3>\n<p>En 2011, la maman d\u2019une jeune autiste r\u00e9sidant dans l\u2019agglom\u00e9ration lilloise, se trouve lors du passage \u00e0 l\u2019\u00e2ge adulte de sa fille, confront\u00e9e \u00e0 l\u2019inadaptation des aides existantes, voire \u00e0 l\u2019absence de dispositifs \u00e0 l\u2019attention des adultes autistes.<\/p>\n<p>En effet, les personnes souffrant de Troubles du Spectre Autistique, bien que pr\u00e9sentant toutes des degr\u00e9s diff\u00e9rents d\u2019autonomie, \u00e9prouvent des difficult\u00e9s \u00e0 entrer en relation et en communication avec l\u2019autre, ne comprennent pas les conventions sociales (alt\u00e9ration qualitative des interactions sociales r\u00e9ciproques) et ont beaucoup de mal \u00e0 s\u2019adapter aux changements (caract\u00e8re restreint, r\u00e9p\u00e9titif et st\u00e9r\u00e9otyp\u00e9 des comportements).<br \/>\nAinsi les actes simples de la vie quotidienne peuvent vite devenir source de d\u00e9stabilisation, de crises d\u2019angoisses, d\u2019autant que, dans sa difficult\u00e9 \u00e0 communiquer, elle ne cherchera pas \u00e0 obtenir une aide ext\u00e9rieure.<\/p>\n<p>Les personnes diagnostiqu\u00e9es TSA peuvent ainsi pour certaines suivre des \u00e9tudes, travailler en milieu ordinaire, mais ont besoin d\u2019\u00eatre quotidiennement sollicit\u00e9es et accompagn\u00e9es pour gagner en autonomie.<\/p>\n<p>Ce constat de manque de dispositifs d\u2019aide sera confirm\u00e9 dans le rapport d\u2019\u00e9valuation de l\u2019IGAS sur le 3\u00e8me plan autisme (publi\u00e9 en mai 2017).<\/p>\n<p>Cette maman va alors utiliser son exp\u00e9rience personnelle et professionnelle en montage de projet pour r\u00e9fl\u00e9chir \u00e0 un dispositif favorisant l\u2019inclusion et l\u2019autonomie des adultes autistes.<\/p>\n<p>&nbsp;<\/p>\n<h3>Notre histoire<\/h3>\n<h4>2011\u00a0:<\/h4>\n<p>r\u00e9alisation d\u2019une \u00e9tude\/action aupr\u00e8s de parents et acteurs du champ du handicap.<br \/>\nCe travail confirme l\u2019absence de r\u00e9ponse adapt\u00e9e et l\u2019existence de besoins importants<\/p>\n<p>\u2192Processus de cr\u00e9ation d\u2019une plateforme pour \u00ab\u00a0accompagner l\u2019autisme autrement\u00a0\u00bb, associant habitat, accompagnement \u00e0 domicile, acc\u00e8s au travail, aux loisirs<\/p>\n<p>\u2192 Les nombreux contacts \u00e9tablis avec des familles pendant la phase d\u2019\u00e9tudes aboutissent fin 2011 \u00e0 la cr\u00e9ation d\u2019une association, puis \u00e0 la mise en place d\u2019un comit\u00e9 de pilotage qui r\u00e9unit parents et professionnels pour formaliser le projet.<\/p>\n<p>ISRAA (Innover Sensibiliser R\u00e9agir pour l\u2019Avenir des personnes Autistes) est n\u00e9e.<\/p>\n<p>&nbsp;<\/p>\n<h4>2012<\/h4>\n<p>Le projet \u00ab\u00a0HabiTED\u00a0\u00bb, constituante de cette plate-forme d\u2019accompagnement est \u00e9crit.<\/p>\n<p>Ce sont des logements ordinaires situ\u00e9s autour d\u2019un espace commun, o\u00f9 les jeunes adultes autistes pourraient vivre en autonomie, avec un accompagnement au quotidien.<br \/>\nHabiTED se veut \u00eatre un dispositif d&rsquo;acc\u00e8s \u00e0 l&rsquo;habitat pour les jeunes adultes autistes, leur donnant les cl\u00e9s de l\u2019autonomie afin qu\u2019ensuite, ils puissent int\u00e9grer un logement dans le diffus.<\/p>\n<p>L\u2019autisme est d\u00e9clar\u00e9 grande cause nationale.<\/p>\n<p>La pr\u00e9sidente d&rsquo;ISRAA recherche des partenaires.<br \/>\nLes \u00e9lus de Roncq et le bailleur Notre Logis, qui dispose d\u2019un terrain sur cette commune, sont sensibles \u00e0 la dimension d&rsquo;innovation sociale du projet et sont partant pour y participer<\/p>\n<h4>2013<\/h4>\n<p>le D\u00e9partement du Nord apporte son soutien financier au projet HabiTED,<br \/>\nUn comit\u00e9 de pilotage associe ISRAA, la Mairie de Roncq, le bailleur social, le Conseil d\u00e9partemental du Nord, l\u2019Agence R\u00e9gionale de la Sant\u00e9, une association d&rsquo;aide \u00e0 domicile, une association d&rsquo;aide aux personnes handicap\u00e9es et le Centre de Ressources Autisme de Lille.<\/p>\n<h4>2014<\/h4>\n<p>Le chantier de la r\u00e9sidence \u00ab le lavoir \u00bb \u00e0 Roncq d\u00e9marre.<br \/>\nISRAA participe, aux c\u00f4t\u00e9s d\u2019autres associations, \u00e0 faire bouger les lignes face \u00e0 l\u2019autisme. Notamment l\u2019APEI Les Papillons Blancs de Roubaix Tourcoing, le Centre Ressources Autisme de Lille, qui assure une premi\u00e8re s\u00e9lection des personnes orient\u00e9es vers HabiTED.<br \/>\nCr\u00e9ation d\u2019une commission d\u2019attribution qui attribue les logements en fonction de crit\u00e8res d\u00e9finis, \u00e9value les accompagnements et r\u00e9oriente si besoin les locataires en fonction de leur projet personnel.<\/p>\n<p>Par ailleurs, la MDPH du Nord autorise la mutualisation d\u2019une partie des heures de PCH attribu\u00e9es \u00e0 chaque locataire, ce qui permet de financer 10 heures d\u2019accompagnement collectif par jour.<\/p>\n<h4>2015<\/h4>\n<h4><img loading=\"lazy\" decoding=\"async\" class=\"alignnone size-medium wp-image-3215\" src=\"http:\/\/asso-israa.fr\/maquettes\/mqtF\/wp-content\/uploads\/2023\/04\/cropped-20230415_114501-scaled-1-224x300.jpg\" alt=\"\" width=\"224\" height=\"300\" srcset=\"https:\/\/asso-israa.fr\/maquettes\/mqtF\/wp-content\/uploads\/2023\/04\/cropped-20230415_114501-scaled-1-224x300.jpg 224w, https:\/\/asso-israa.fr\/maquettes\/mqtF\/wp-content\/uploads\/2023\/04\/cropped-20230415_114501-scaled-1-766x1024.jpg 766w, https:\/\/asso-israa.fr\/maquettes\/mqtF\/wp-content\/uploads\/2023\/04\/cropped-20230415_114501-scaled-1-768x1027.jpg 768w, https:\/\/asso-israa.fr\/maquettes\/mqtF\/wp-content\/uploads\/2023\/04\/cropped-20230415_114501-scaled-1-1148x1536.jpg 1148w, https:\/\/asso-israa.fr\/maquettes\/mqtF\/wp-content\/uploads\/2023\/04\/cropped-20230415_114501-scaled-1-1531x2048.jpg 1531w, https:\/\/asso-israa.fr\/maquettes\/mqtF\/wp-content\/uploads\/2023\/04\/cropped-20230415_114501-scaled-1-1024x1370.jpg 1024w, https:\/\/asso-israa.fr\/maquettes\/mqtF\/wp-content\/uploads\/2023\/04\/cropped-20230415_114501-scaled-1-807x1080.jpg 807w, https:\/\/asso-israa.fr\/maquettes\/mqtF\/wp-content\/uploads\/2023\/04\/cropped-20230415_114501-scaled-1.jpg 1914w\" sizes=\"auto, (max-width: 224px) 100vw, 224px\" \/><\/h4>\n<p>le projet HabiTED devient dispositif gr\u00e2ce \u00e0 l\u2019ouverture de la 1\u00e8re r\u00e9sidence \u00e0 Roncq,<br \/>\nun immeuble accueillant 10 locataires dont le profil r\u00e9pond aux crit\u00e8res d\u00e9finis par la commission d\u2019attribution.<\/p>\n<h4>2018<\/h4>\n<p>ISRAA obtient l\u2019agr\u00e9ment pour assurer l\u2019interm\u00e9diation locative d\u2019Habited, ainsi que l\u2019autorisation d\u2019ouvrir un service \u00e0 domicile.<\/p>\n<h4>2019<\/h4>\n<p>ISRAA cr\u00e9e son propre service \u00e0 domicile \u00ab TED@DOM \u00bb, d\u00e9di\u00e9 exclusivement aux personnes souffrant de Troubles du Spectre Autistique.<\/p>\n<p>&nbsp;<\/p>\n<p>&nbsp;<\/p>\n<p>Tout au long de notre parcours, nous avons cherch\u00e9 \u00e0 engager et \u00e0 mettre en oeuvre des synergies efficaces avec des partenaires fiables partageant nos valeurs (entre autres, Autisme &amp; Familles des Hauts de France, 3F Notre Logis, les Papillons blancs, ASRL, le CRA).<\/p>\n<p>Ces synergies nous permettent d\u2019envisager un avenir bas\u00e9 sur le d\u00e9veloppement du nombre de nos offres d\u2019habitat en lien avec les besoins exprim\u00e9s par les b\u00e9n\u00e9ficiaires et leur famille tout en tenant compte du bien-\u00eatre au travail de nos salari\u00e9s.<\/p>\n","protected":false},"excerpt":{"rendered":"<p>ISRAA G\u00e9n\u00e8se En 2011, la maman d\u2019une jeune autiste r\u00e9sidant dans l\u2019agglom\u00e9ration lilloise, se trouve lors du passage \u00e0 l\u2019\u00e2ge adulte de sa fille, confront\u00e9e \u00e0 l\u2019inadaptation des aides existantes, voire \u00e0 l\u2019absence de dispositifs \u00e0 l\u2019attention des adultes autistes. En effet, les personnes souffrant de Troubles du Spectre Autistique, bien que pr\u00e9sentant toutes des&hellip; <br \/> <a class=\"read-more\" href=\"https:\/\/asso-israa.fr\/maquettes\/mqtF\/lassociation-israa\/notre-histoire\/\">Lire la suite<\/a><\/p>\n","protected":false},"author":1,"featured_media":0,"parent":1478,"menu_order":0,"comment_status":"closed","ping_status":"closed","template":"page-templates\/page-with-right-sidebar.php","meta":{"_lmt_disableupdate":"no","_lmt_disable":"","footnotes":""},"categories":[],"tags":[],"class_list":["post-1750","page","type-page","status-publish","hentry"],"_links":{"self":[{"href":"https:\/\/asso-israa.fr\/maquettes\/mqtF\/wp-json\/wp\/v2\/pages\/1750","targetHints":{"allow":["GET"]}}],"collection":[{"href":"https:\/\/asso-israa.fr\/maquettes\/mqtF\/wp-json\/wp\/v2\/pages"}],"about":[{"href":"https:\/\/asso-israa.fr\/maquettes\/mqtF\/wp-json\/wp\/v2\/types\/page"}],"author":[{"embeddable":true,"href":"https:\/\/asso-israa.fr\/maquettes\/mqtF\/wp-json\/wp\/v2\/users\/1"}],"replies":[{"embeddable":true,"href":"https:\/\/asso-israa.fr\/maquettes\/mqtF\/wp-json\/wp\/v2\/comments?post=1750"}],"version-history":[{"count":1,"href":"https:\/\/asso-israa.fr\/maquettes\/mqtF\/wp-json\/wp\/v2\/pages\/1750\/revisions"}],"predecessor-version":[{"id":3329,"href":"https:\/\/asso-israa.fr\/maquettes\/mqtF\/wp-json\/wp\/v2\/pages\/1750\/revisions\/3329"}],"up":[{"embeddable":true,"href":"https:\/\/asso-israa.fr\/maquettes\/mqtF\/wp-json\/wp\/v2\/pages\/1478"}],"wp:attachment":[{"href":"https:\/\/asso-israa.fr\/maquettes\/mqtF\/wp-json\/wp\/v2\/media?parent=1750"}],"wp:term":[{"taxonomy":"category","embeddable":true,"href":"https:\/\/asso-israa.fr\/maquettes\/mqtF\/wp-json\/wp\/v2\/categories?post=1750"},{"taxonomy":"post_tag","embeddable":true,"href":"https:\/\/asso-israa.fr\/maquettes\/mqtF\/wp-json\/wp\/v2\/tags?post=1750"}],"curies":[{"name":"wp","href":"https:\/\/api.w.org\/{rel}","templated":true}]}}