{"id":1819,"date":"2022-09-08T21:00:06","date_gmt":"2022-09-08T19:00:06","guid":{"rendered":"http:\/\/asso-israa.fr\/maquettes\/mqtA\/?page_id=1819"},"modified":"2023-02-03T15:36:49","modified_gmt":"2023-02-03T14:36:49","slug":"lequipe-de-professionnels-a-roncq","status":"publish","type":"page","link":"https:\/\/asso-israa.fr\/maquettes\/mqtF\/lhabitat-inclusif-habited\/lequipe-de-professionnels-a-roncq\/","title":{"rendered":"L&rsquo;\u00e9quipe de professionnels \u00e0 RONCQ"},"content":{"rendered":"<p><img loading=\"lazy\" decoding=\"async\" class=\"size-medium wp-image-1071\" src=\"http:\/\/asso-israa.fr\/maquettes\/mqtF\/wp-content\/uploads\/2018\/03\/habited-logo-300x100.png\" alt=\"\" width=\"300\" height=\"100\" srcset=\"https:\/\/asso-israa.fr\/maquettes\/mqtF\/wp-content\/uploads\/2018\/03\/habited-logo-300x100.png 300w, https:\/\/asso-israa.fr\/maquettes\/mqtF\/wp-content\/uploads\/2018\/03\/habited-logo-1024x341.png 1024w, https:\/\/asso-israa.fr\/maquettes\/mqtF\/wp-content\/uploads\/2018\/03\/habited-logo-768x256.png 768w, https:\/\/asso-israa.fr\/maquettes\/mqtF\/wp-content\/uploads\/2018\/03\/habited-logo.png 1200w\" sizes=\"auto, (max-width: 300px) 100vw, 300px\" \/><\/p>\n<p style=\"text-align: center;\">MISSIONS DE L\u2019ANIMATEUR DE SITE<\/p>\n<p style=\"text-align: center;\">DANS LE CADRE DE L\u2019AIDE A LA VIE PARTAG\u00c9E<\/p>\n<p>&nbsp;<\/p>\n<p>-Animer et organiser la vie sociale des locataires,<\/p>\n<p>-Favoriser le d\u00e9veloppement de la citoyennet\u00e9 et du pouvoir d\u2019agir<\/p>\n<p>-Faciliter les liens, d\u2019une part entre les locataires (r\u00e9guler les conflits, g\u00e9rer les \u00e9v\u00e8nements particuliers, les arriv\u00e9es et les d\u00e9parts\u2026) et d\u2019autre part entre les locataires et l\u2019environnement proche (faciliter les liens avec le voisinage, les services de proximit\u00e9, faciliter l\u2019utilisation des outils num\u00e9riques)<\/p>\n<p>-Animer le projet de vie sociale et les temps partag\u00e9s, la gestion et la r\u00e9gulation de l\u2019utilisation partag\u00e9e des espaces communs, la programmation des sorties, visites, interventions culturelles, sportives, f\u00eates, \u00e9v\u00e8nements de type familial ou au sein du dispositif.<\/p>\n<p>-Coordonner au sein de l\u2019habitat des intervenants permanents et ponctuels, en jouant un r\u00f4le d\u2019alerte\/vigilance, de veille et de surveillance bienveillante pour la s\u00e9curit\u00e9 des locataires dans tous les domaines (logement, approvisionnement)<\/p>\n<p>-En appui et \u00e0 la demande des locataires, l\u2019interface technique et logistique des logements en lien avec le propri\u00e9taire.<\/p>\n<p>&nbsp;<\/p>\n<p>CONTACT\u00a0:<\/p>\n<p>-Justine OBSOMER, Animatrice de site<\/p>\n<p>-justine.obsomer@asso-israa.fr<\/p>\n<p>T\u00e9l\u00a0: 06.13.26.79.80<\/p>\n<p>&nbsp;<\/p>\n<p>-Permanences sur site : Mercredi de 13h \u00e0 22h<\/p>\n","protected":false},"excerpt":{"rendered":"<p>MISSIONS DE L\u2019ANIMATEUR DE SITE DANS LE CADRE DE L\u2019AIDE A LA VIE PARTAG\u00c9E &nbsp; -Animer et organiser la vie sociale des locataires, -Favoriser le d\u00e9veloppement de la citoyennet\u00e9 et du pouvoir d\u2019agir -Faciliter les liens, d\u2019une part entre les locataires (r\u00e9guler les conflits, g\u00e9rer les \u00e9v\u00e8nements particuliers, les arriv\u00e9es et les d\u00e9parts\u2026) et d\u2019autre&hellip; <br \/> <a class=\"read-more\" href=\"https:\/\/asso-israa.fr\/maquettes\/mqtF\/lhabitat-inclusif-habited\/lequipe-de-professionnels-a-roncq\/\">Lire la suite<\/a><\/p>\n","protected":false},"author":1,"featured_media":0,"parent":27,"menu_order":5,"comment_status":"closed","ping_status":"closed","template":"page-templates\/page-with-right-sidebar.php","meta":{"_lmt_disableupdate":"no","_lmt_disable":"","footnotes":""},"categories":[],"tags":[],"class_list":["post-1819","page","type-page","status-publish","hentry"],"_links":{"self":[{"href":"https:\/\/asso-israa.fr\/maquettes\/mqtF\/wp-json\/wp\/v2\/pages\/1819","targetHints":{"allow":["GET"]}}],"collection":[{"href":"https:\/\/asso-israa.fr\/maquettes\/mqtF\/wp-json\/wp\/v2\/pages"}],"about":[{"href":"https:\/\/asso-israa.fr\/maquettes\/mqtF\/wp-json\/wp\/v2\/types\/page"}],"author":[{"embeddable":true,"href":"https:\/\/asso-israa.fr\/maquettes\/mqtF\/wp-json\/wp\/v2\/users\/1"}],"replies":[{"embeddable":true,"href":"https:\/\/asso-israa.fr\/maquettes\/mqtF\/wp-json\/wp\/v2\/comments?post=1819"}],"version-history":[{"count":5,"href":"https:\/\/asso-israa.fr\/maquettes\/mqtF\/wp-json\/wp\/v2\/pages\/1819\/revisions"}],"predecessor-version":[{"id":2951,"href":"https:\/\/asso-israa.fr\/maquettes\/mqtF\/wp-json\/wp\/v2\/pages\/1819\/revisions\/2951"}],"up":[{"embeddable":true,"href":"https:\/\/asso-israa.fr\/maquettes\/mqtF\/wp-json\/wp\/v2\/pages\/27"}],"wp:attachment":[{"href":"https:\/\/asso-israa.fr\/maquettes\/mqtF\/wp-json\/wp\/v2\/media?parent=1819"}],"wp:term":[{"taxonomy":"category","embeddable":true,"href":"https:\/\/asso-israa.fr\/maquettes\/mqtF\/wp-json\/wp\/v2\/categories?post=1819"},{"taxonomy":"post_tag","embeddable":true,"href":"https:\/\/asso-israa.fr\/maquettes\/mqtF\/wp-json\/wp\/v2\/tags?post=1819"}],"curies":[{"name":"wp","href":"https:\/\/api.w.org\/{rel}","templated":true}]}}