{"id":2575,"date":"2022-08-23T18:26:35","date_gmt":"2022-08-23T16:26:35","guid":{"rendered":"http:\/\/asso-israa.fr\/maquettes\/mqtA\/?page_id=1538"},"modified":"2023-04-23T16:04:52","modified_gmt":"2023-04-23T14:04:52","slug":"infos-pratiques-et-administratives","status":"publish","type":"page","link":"https:\/\/asso-israa.fr\/maquettes\/mqtF\/le-service-a-domicile-teddom\/infos-pratiques-et-administratives\/","title":{"rendered":"Infos pratiques et administratives"},"content":{"rendered":"<p style=\"text-align: center;\"><span style=\"font-size: 24pt;\"><strong><u>LA COMMISSION D\u2019ATTRIBUTION<\/u><\/strong><\/span><\/p>\n<p>&nbsp;<\/p>\n<h1><span style=\"color: #ff0000;\"><img loading=\"lazy\" decoding=\"async\" class=\"aligncenter wp-image-2952 size-full\" src=\"http:\/\/asso-israa.fr\/maquettes\/mqtF\/wp-content\/uploads\/2023\/02\/Commission-dattribution-habited.png\" alt=\"\" width=\"937\" height=\"431\" srcset=\"https:\/\/asso-israa.fr\/maquettes\/mqtF\/wp-content\/uploads\/2023\/02\/Commission-dattribution-habited.png 937w, https:\/\/asso-israa.fr\/maquettes\/mqtF\/wp-content\/uploads\/2023\/02\/Commission-dattribution-habited-300x138.png 300w, https:\/\/asso-israa.fr\/maquettes\/mqtF\/wp-content\/uploads\/2023\/02\/Commission-dattribution-habited-768x353.png 768w\" sizes=\"auto, (max-width: 937px) 100vw, 937px\" \/><\/span><\/h1>\n<h1><span style=\"font-size: 18pt;\">CRITERES D\u2019ATTRIBUTION POUR LE DISPOSITIF HABITED RONCQ<\/span><\/h1>\n<ul>\n<li>Un diagnostic d\u2019autisme et\/ou Troubles du Neuro-D\u00e9veloppement (TND) avec alt\u00e9ration dans le domaine de la communication et des interactions sociales<\/li>\n<li>Une autonomie dans les actes de la vie quotidienne confirm\u00e9e par un VINELAND ou, \u00e0 d\u00e9faut, un droit ouvrant une aide humaine pour l\u2019accompagnement n\u00e9cessaire (P.C.H.)<\/li>\n<li>Une autonomie financi\u00e8re notamment pour payer la redevance<\/li>\n<li>Une capacit\u00e9 \u00e0 s\u2019occuper en journ\u00e9e.<\/li>\n<\/ul>\n<p>&nbsp;<\/p>\n<h1><span style=\"font-size: 18pt;\">COMPOSITION DE LA COMMISSION D\u2019ATTRIBUTION<\/span><\/h1>\n<ul>\n<li>Docteur G\u00e9raldine KECHID, M\u00e9decin Unit\u00e9 Diagnostique Adultes au Centre de Ressources Autismes Nord Pas de Calais ;<\/li>\n<li>Patrick GEUNS, Directeur de l\u2019ing\u00e9nierie, de l\u2019innovation et des missions transversales, Association Papillons Blancs Roubaix Tourcoing ;<\/li>\n<li>Fannie CHIREZ, Directrice ESAT Les Trois bonniers et Foyer d\u2019h\u00e9bergement La Falemprise Orchies, Association Autisme et Familles Hauts de France<\/li>\n<li>Audrey MORTELETTE, Psychologue, Dispositifs HabiTED<\/li>\n<li>Fabienne DE OLIVEIRA, Directrice du S.A.A.D. TED@DOM<\/li>\n<\/ul>\n","protected":false},"excerpt":{"rendered":"<p>LA COMMISSION D\u2019ATTRIBUTION &nbsp; CRITERES D\u2019ATTRIBUTION POUR LE DISPOSITIF HABITED RONCQ Un diagnostic d\u2019autisme et\/ou Troubles du Neuro-D\u00e9veloppement (TND) avec alt\u00e9ration dans le domaine de la communication et des interactions sociales Une autonomie dans les actes de la vie quotidienne confirm\u00e9e par un VINELAND ou, \u00e0 d\u00e9faut, un droit ouvrant une aide humaine pour l\u2019accompagnement&hellip; <br \/> <a class=\"read-more\" href=\"https:\/\/asso-israa.fr\/maquettes\/mqtF\/le-service-a-domicile-teddom\/infos-pratiques-et-administratives\/\">Lire la suite<\/a><\/p>\n","protected":false},"author":1,"featured_media":0,"parent":1726,"menu_order":3,"comment_status":"closed","ping_status":"closed","template":"page-templates\/page-with-right-sidebar.php","meta":{"_lmt_disableupdate":"no","_lmt_disable":"","footnotes":""},"categories":[],"tags":[],"class_list":["post-2575","page","type-page","status-publish","hentry"],"_links":{"self":[{"href":"https:\/\/asso-israa.fr\/maquettes\/mqtF\/wp-json\/wp\/v2\/pages\/2575","targetHints":{"allow":["GET"]}}],"collection":[{"href":"https:\/\/asso-israa.fr\/maquettes\/mqtF\/wp-json\/wp\/v2\/pages"}],"about":[{"href":"https:\/\/asso-israa.fr\/maquettes\/mqtF\/wp-json\/wp\/v2\/types\/page"}],"author":[{"embeddable":true,"href":"https:\/\/asso-israa.fr\/maquettes\/mqtF\/wp-json\/wp\/v2\/users\/1"}],"replies":[{"embeddable":true,"href":"https:\/\/asso-israa.fr\/maquettes\/mqtF\/wp-json\/wp\/v2\/comments?post=2575"}],"version-history":[{"count":10,"href":"https:\/\/asso-israa.fr\/maquettes\/mqtF\/wp-json\/wp\/v2\/pages\/2575\/revisions"}],"predecessor-version":[{"id":3163,"href":"https:\/\/asso-israa.fr\/maquettes\/mqtF\/wp-json\/wp\/v2\/pages\/2575\/revisions\/3163"}],"up":[{"embeddable":true,"href":"https:\/\/asso-israa.fr\/maquettes\/mqtF\/wp-json\/wp\/v2\/pages\/1726"}],"wp:attachment":[{"href":"https:\/\/asso-israa.fr\/maquettes\/mqtF\/wp-json\/wp\/v2\/media?parent=2575"}],"wp:term":[{"taxonomy":"category","embeddable":true,"href":"https:\/\/asso-israa.fr\/maquettes\/mqtF\/wp-json\/wp\/v2\/categories?post=2575"},{"taxonomy":"post_tag","embeddable":true,"href":"https:\/\/asso-israa.fr\/maquettes\/mqtF\/wp-json\/wp\/v2\/tags?post=2575"}],"curies":[{"name":"wp","href":"https:\/\/api.w.org\/{rel}","templated":true}]}}