{"id":2578,"date":"2022-08-23T18:25:39","date_gmt":"2022-08-23T16:25:39","guid":{"rendered":"http:\/\/asso-israa.fr\/maquettes\/mqtA\/?page_id=1536"},"modified":"2023-04-23T15:52:44","modified_gmt":"2023-04-23T13:52:44","slug":"definition-dun-habitat-inclusif","status":"publish","type":"page","link":"https:\/\/asso-israa.fr\/maquettes\/mqtF\/lhabitat-inclusif-habited\/definition-dun-habitat-inclusif\/","title":{"rendered":"Objectifs du dispositif HabiTED"},"content":{"rendered":"<p><img loading=\"lazy\" decoding=\"async\" class=\"size-medium wp-image-1071\" src=\"http:\/\/asso-israa.fr\/maquettes\/mqtF\/wp-content\/uploads\/2018\/03\/habited-logo-300x100.png\" alt=\"\" width=\"300\" height=\"100\" srcset=\"https:\/\/asso-israa.fr\/maquettes\/mqtF\/wp-content\/uploads\/2018\/03\/habited-logo-300x100.png 300w, https:\/\/asso-israa.fr\/maquettes\/mqtF\/wp-content\/uploads\/2018\/03\/habited-logo-1024x341.png 1024w, https:\/\/asso-israa.fr\/maquettes\/mqtF\/wp-content\/uploads\/2018\/03\/habited-logo-768x256.png 768w, https:\/\/asso-israa.fr\/maquettes\/mqtF\/wp-content\/uploads\/2018\/03\/habited-logo.png 1200w\" sizes=\"auto, (max-width: 300px) 100vw, 300px\" \/><\/p>\n<p>&nbsp;<\/p>\n<p>Le dispositif permet d\u2019offrir une r\u00e9ponse adapt\u00e9e aux besoins d\u2019autonomie de jeunes adultes autistes et\/ou porteurs de Troubles du Neuro-D\u00e9veloppement avec alt\u00e9ration dans le domaine de la communication et des interactions sociales. Une attention particuli\u00e8re est donn\u00e9e \u00e0 la vie sociale (\u00e9coute des besoins, cr\u00e9ation de liens entre les locataires, participation \u00e0 la vie collective et citoyenne)<\/p>\n<p>L\u2019objectif est de permettre \u00e0 ces jeunes adultes de franchir de nouvelles \u00e9tapes vers l\u2019autonomie dans un cadre rassurant.<\/p>\n<p>Il doit permettre de travailler un projet global \u00e0 partir de l\u2019habitat. Ce projet doit insuffler une organisation permettant aux personnes accompagn\u00e9es une insertion dans l\u2019environnement de proximit\u00e9, notamment autour de l\u2019insertion professionnelle.<\/p>\n<p>A Roncq, premier site HabiTED, le dispositif met \u00e0 disposition, dans un environnement bienveillant et s\u00e9curisant,<\/p>\n<p>-Des logements individuels de type T1 bis regroup\u00e9s dans un m\u00eame immeuble, permettant une dynamique collective tout en respectant la vie priv\u00e9e et l\u2019intimit\u00e9 des personnes ;<\/p>\n<p>-Un logement type T4 pour les activit\u00e9s favorisant les relations interpersonnelles et les interactions sociales ;<\/p>\n<p>-Un accompagnement quotidien pour favoriser l\u2019acc\u00e8s \u00e0 l\u2019autonomie en tenant compte des besoins et des particularit\u00e9s de chacun ;<\/p>\n<p>De nouveaux sites proposeront des d\u00e9clinaisons de ce premier mod\u00e8le, toutes diff\u00e9rentes pour correspondre \u00e0 des stades vari\u00e9s de profils. Cet \u00e9ventail de formules permettra un accueil adapt\u00e9 au profil des entrants dans le dispositif et un accompagnement possible de l\u2019\u00e9volution des locataires d\u00e9j\u00e0 int\u00e9gr\u00e9s.<\/p>\n<p>L\u2019accompagnement est modulable pour s\u2019adapter aux besoins de chacun tout en assurant une attention bienveillante quotidienne et la participation \u00e0 la vie sociale de tous les locataires.<\/p>\n<p>La distinction entre ces deux modes d\u2019interventions permet d\u2019\u00e9valuer le besoin d\u2019accompagnement de chacun (plut\u00f4t collectif ou plut\u00f4t individualis\u00e9), et de mettre en place de mani\u00e8re adapt\u00e9e son projet de vie.<\/p>\n<p><strong>En int\u00e9grant le dispositif, le locataire accepte l\u2019accompagnement qui lui est propos\u00e9 ainsi que les r\u00e8gles de vie collective institu\u00e9es par le r\u00e8glement int\u00e9rieur. Son choix est toujours privil\u00e9gi\u00e9, que ce soit pour int\u00e9grer le dispositif ou pour en sortir. Il se traduit par la signature d\u2019un contrat dit \u00ab\u00a0d\u2019adh\u00e9sion\u00a0\u00bb confirmant cet engagement.<\/strong><\/p>\n","protected":false},"excerpt":{"rendered":"<p>&nbsp; Le dispositif permet d\u2019offrir une r\u00e9ponse adapt\u00e9e aux besoins d\u2019autonomie de jeunes adultes autistes et\/ou porteurs de Troubles du Neuro-D\u00e9veloppement avec alt\u00e9ration dans le domaine de la communication et des interactions sociales. Une attention particuli\u00e8re est donn\u00e9e \u00e0 la vie sociale (\u00e9coute des besoins, cr\u00e9ation de liens entre les locataires, participation \u00e0 la vie&hellip; <br \/> <a class=\"read-more\" href=\"https:\/\/asso-israa.fr\/maquettes\/mqtF\/lhabitat-inclusif-habited\/definition-dun-habitat-inclusif\/\">Lire la suite<\/a><\/p>\n","protected":false},"author":1,"featured_media":0,"parent":27,"menu_order":1,"comment_status":"closed","ping_status":"closed","template":"page-templates\/page-with-right-sidebar.php","meta":{"_lmt_disableupdate":"no","_lmt_disable":"","footnotes":""},"categories":[],"tags":[],"class_list":["post-2578","page","type-page","status-publish","hentry"],"_links":{"self":[{"href":"https:\/\/asso-israa.fr\/maquettes\/mqtF\/wp-json\/wp\/v2\/pages\/2578","targetHints":{"allow":["GET"]}}],"collection":[{"href":"https:\/\/asso-israa.fr\/maquettes\/mqtF\/wp-json\/wp\/v2\/pages"}],"about":[{"href":"https:\/\/asso-israa.fr\/maquettes\/mqtF\/wp-json\/wp\/v2\/types\/page"}],"author":[{"embeddable":true,"href":"https:\/\/asso-israa.fr\/maquettes\/mqtF\/wp-json\/wp\/v2\/users\/1"}],"replies":[{"embeddable":true,"href":"https:\/\/asso-israa.fr\/maquettes\/mqtF\/wp-json\/wp\/v2\/comments?post=2578"}],"version-history":[{"count":5,"href":"https:\/\/asso-israa.fr\/maquettes\/mqtF\/wp-json\/wp\/v2\/pages\/2578\/revisions"}],"predecessor-version":[{"id":3161,"href":"https:\/\/asso-israa.fr\/maquettes\/mqtF\/wp-json\/wp\/v2\/pages\/2578\/revisions\/3161"}],"up":[{"embeddable":true,"href":"https:\/\/asso-israa.fr\/maquettes\/mqtF\/wp-json\/wp\/v2\/pages\/27"}],"wp:attachment":[{"href":"https:\/\/asso-israa.fr\/maquettes\/mqtF\/wp-json\/wp\/v2\/media?parent=2578"}],"wp:term":[{"taxonomy":"category","embeddable":true,"href":"https:\/\/asso-israa.fr\/maquettes\/mqtF\/wp-json\/wp\/v2\/categories?post=2578"},{"taxonomy":"post_tag","embeddable":true,"href":"https:\/\/asso-israa.fr\/maquettes\/mqtF\/wp-json\/wp\/v2\/tags?post=2578"}],"curies":[{"name":"wp","href":"https:\/\/api.w.org\/{rel}","templated":true}]}}