{"id":27,"date":"2014-06-03T15:08:00","date_gmt":"2014-06-03T13:08:00","guid":{"rendered":"http:\/\/asso-israa.fr\/?page_id=27"},"modified":"2014-06-03T15:08:00","modified_gmt":"2014-06-03T13:08:00","slug":"lhabitat-inclusif-habited","status":"publish","type":"page","link":"https:\/\/asso-israa.fr\/maquettes\/mqtF\/lhabitat-inclusif-habited\/","title":{"rendered":"L&rsquo;habitat inclusif &#8211; HabiTED"},"content":{"rendered":"<h3 style=\"text-align: left;\">\u2022 <a href=\"http:\/\/asso-israa.fr\/maquettes\/mqtE\/lhabitat-inclusif-habited\/definition-dun-habitat-inclusif\/\">D\u00e9finition d\u2019un habitat inclusif<\/a><br \/>\n\u2022 <a href=\"http:\/\/asso-israa.fr\/maquettes\/mqtE\/lhabitat-inclusif-habited\/infos-pratiques-et-administratives\/\">Infos pratiques et administratives<\/a><br \/>\n\u2022 <a href=\"http:\/\/asso-israa.fr\/maquettes\/mqtE\/lhabitat-inclusif-habited\/lequipe-de-professionnels-a-roncq\/\">L\u2019\u00e9quipe de professionnels \u00e0 RONCQ<\/a><br \/>\n\u2022 <a href=\"http:\/\/asso-israa.fr\/maquettes\/mqtE\/lhabitat-inclusif-habited\/documentation-habited\/\">Documentation HabiTED<\/a><br \/>\n\u2022 <a href=\"http:\/\/asso-israa.fr\/maquettes\/mqtE\/le-service-a-domicile-teddom\/contact-habited\/\">Contact HabiTED<\/a><\/h3>\n<p>&nbsp;<\/p>\n<h4>Le projet HabiTED : l&rsquo;int\u00e9gration par l&rsquo;habitat en milieu ordinaire<\/h4>\n<p>&nbsp;<\/p>\n<p>L\u2019Association I.S.R.A.A., en lien avec Notre Logis et l\u2019ensemble des associations impliqu\u00e9es dans le champ du handicap et de l\u2019autisme, a d\u00e9velopp\u00e9 un projet innovant en leur proposant un logement dans le milieu ordinaire, coupl\u00e9 avec les services d\u2019accompagnement adapt\u00e9s \u00e0 leurs diff\u00e9rents profils.<\/p>\n<p>C\u2019est ainsi que 10 jeunes adultes pourront, d\u00e8s 2015, b\u00e9n\u00e9ficier d\u2019une prise en charge qui leur donnera toute les chances de s\u2019ins\u00e9rer dans la soci\u00e9t\u00e9.<\/p>\n<p>La r\u00e9sidence sera situ\u00e9e \u00e0 RONCQ et offrira un cadre semi-collectif valorisant la convivialit\u00e9 et l\u2019int\u00e9gration dans l\u2019environnement social.<\/p>\n<ul>\n<li>10 logements individuels (T1 bis) dans le milieu ordinaire et coupl\u00e9s avec des services d\u2019accompagnement (S.A.V.S., S.A.M.S.A.H. Services d\u2019aide \u00e0 domicile)<\/li>\n<li>1 logement T4 pour les activit\u00e9s collectives destin\u00e9es \u00e0 recr\u00e9er du lien social<br \/>\nConstruction en cours, livraison 2\u00e8me trimestre 2015.<\/li>\n<\/ul>\n<p>Crit\u00e8res d\u2019admission : Adultes entre 20 et 40 ans, hommes ou femmes, avec diagnostic TED, b\u00e9n\u00e9ficiaires de l\u2019A.A.H, en activit\u00e9 en journ\u00e9e, autonomes dans les transports en commun.<\/p>\n<p>Pour vous rendre sur le site de habiTED empruntez la ligne de bus \u00ab\u00a0liane 91\u00a0\u00bb qui va de Lille \u00e0 Halluin. (environ 20 minutes de trajet de Lille jusqu&rsquo;\u00e0 l&rsquo;arr\u00eat \u00ab\u00a0Blanc Four\u00a0\u00bb).<\/p>\n<p>&nbsp;<\/p>\n<p>&nbsp;<\/p>\n<p>+++++++++++++++++++++++++++<\/p>\n<p>&nbsp;<\/p>\n<h3>D\u00e9velopper l\u2019habitat inclusif pour adultes avec autisme\u00a0: HabiTED<\/h3>\n<h4>LE CONTEXTE :<\/h4>\n<p>Pour r\u00e9pondre aux nombreuses demandes, nous pouvions chercher \u00e0 simplement dupliquer le dispositif ouvert il y a 4 ans. Il nous a sembl\u00e9 plus pertinent de d\u00e9river du mod\u00e8le initial des d\u00e9clinaisons diff\u00e9rentes pour mieux adapter l&rsquo;ensemble de nos propositions \u00e0 la diversit\u00e9 des autismes, mais aussi pour permettre de construire une logique de parcours : diversifier les offres dans un territoire relativement restreint permet d&rsquo;accompagner l&rsquo;\u00e9volution d&rsquo;un b\u00e9n\u00e9ficiaire vers toujours plus d&rsquo;autonomie voire un d\u00e9part final vers l&rsquo;habitat diffus.<br \/>\nNous nous sommes en effet rendu compte que quitter brutalement le dispositif \u00e9tait encore une perspective trop angoissante pour des r\u00e9sidents ayant pourtant d\u00e9velopp\u00e9 \u00e0 Roncq leur capacit\u00e9 d&rsquo;autod\u00e9termination.<\/p>\n<h4>DEVELOPPER\u00a0:<\/h4>\n<p>-Multiplier les choix possibles pour que les b\u00e9n\u00e9ficiaires puissent acter leur progression sans sentiment de risque excessif.<br \/>\nC\u2019est une fa\u00e7on pour nous de favoriser leur autod\u00e9termination.<\/p>\n<p style=\"padding-left: 40px;\">Les projets immobiliers de La Madeleine et de Neuville en Ferrain, pr\u00e9vus pour aboutir en 2022 constituent une r\u00e9ponse compl\u00e9mentaire par rapport \u00e0 Roncq puisqu\u2019ils ont \u00e9t\u00e9 choisis pour convenir \u00e0 des profils de b\u00e9n\u00e9ficiaires diff\u00e9rents.<br \/>\nIls sont situ\u00e9s dans des environnements territoriaux diff\u00e9rents, pour respecter la logique de parcours individuel de citoyennet\u00e9 dans laquelle s\u2019est engag\u00e9e ISRAA.<\/p>\n<p>-Rep\u00e9rer les besoins sp\u00e9cifiques des b\u00e9n\u00e9ficiaires\u00a0; cibler les fragilit\u00e9s et les compenser\u00a0; apporter du bien- \u00eatre, faire preuve de bienveillance.<\/p>\n<h4>ENRICHIR<\/h4>\n<p>Ce concept se veut \u00eatre port\u00e9 par toutes les familles, notamment pour les b\u00e9n\u00e9ficiaires en liste d\u2019attente.<br \/>\nElles repr\u00e9sentent notre dynamique pour r\u00e9ussir.<\/p>\n<p>Pour cela elles doivent \u00eatre mobilis\u00e9es au sein d\u2019une commission \u00ab\u00a0lien avec les familles\u00a0\u00bb cr\u00e9\u00e9e par le Conseil d\u2019Administration.<\/p>\n<h4>PERENNISER<\/h4>\n<p>Tenir compte des \u00e9volutions r\u00e8glementaires tendant \u00e0 d\u00e9finir et financer l\u2019habitat inclusif\u00a0:<br \/>\nLa loi ELAN devrait ouvrir des possibilit\u00e9s de p\u00e9rennisation financi\u00e8re des dispositifs d\u2019habitat inclusif par la cr\u00e9ation d\u2019un \u00ab\u00a0forfait habitat inclusif\u00a0\u00bb.<br \/>\nCe forfait \u00ab\u00a0 habitat inclusif\u00a0\u00bb sera financ\u00e9, sur appel \u00e0 projet, par la Caisse Nationale de Solidarit\u00e9 pour l\u2019Autonomie et de l\u2019Agence R\u00e9gionale de la Sant\u00e9.<\/p>\n<p>Dans la gestion de l\u2019interm\u00e9diation locative, maintenir le respect des conditions de l\u2019agr\u00e9ment de la Direction d\u00e9partementale de la Coh\u00e9sion Sociale\u00a0:<br \/>\nCela repr\u00e9sente une s\u00e9curisation financi\u00e8re des lieux de vie et une gestion attentive, dans l\u2019int\u00e9r\u00eat des r\u00e9sidents.<\/p>\n<p>Monter en comp\u00e9tences, valoriser et fid\u00e9liser les salari\u00e9s du S.A.A.D., la qualit\u00e9 de celui-ci constituant le socle de l\u2019accompagnement collectif et individuel au sein du concept HabiTED\u00a0;<\/p>\n<h4>PARTENAIRES DE L\u2019ACTION.<\/h4>\n<p>La collectivit\u00e9 locale<br \/>\nLe Conseil d\u00e9partemental du Nord<br \/>\nL\u2019Agence R\u00e9gionale de la Sant\u00e9<br \/>\nLes fondations<br \/>\nLe Centre de Ressources Autisme Nord<br \/>\nLa MDPH<br \/>\nLe bailleur social<br \/>\nL\u2019interm\u00e9diateur locatif<br \/>\nLe Service \u00e0 Domicile Ted@Dom<br \/>\nLes papillons blancs<br \/>\nL\u2019association Autisme et familles des Hauts de France<\/p>\n<h4>RESSOURCES MOBILISEES<\/h4>\n<p>Le CA d\u2019ISRAA<br \/>\nLe Directeur d\u2019ISRAA et l\u2019\u00e9quipe des salari\u00e9s<br \/>\nLes b\u00e9n\u00e9voles<\/p>\n<p>&nbsp;<\/p>\n","protected":false},"excerpt":{"rendered":"<p>\u2022 D\u00e9finition d\u2019un habitat inclusif \u2022 Infos pratiques et administratives \u2022 L\u2019\u00e9quipe de professionnels \u00e0 RONCQ \u2022 Documentation HabiTED \u2022 Contact HabiTED &nbsp; Le projet HabiTED : l&rsquo;int\u00e9gration par l&rsquo;habitat en milieu ordinaire &nbsp; L\u2019Association I.S.R.A.A., en lien avec Notre Logis et l\u2019ensemble des associations impliqu\u00e9es dans le champ du handicap et de l\u2019autisme, a&hellip; <br \/> <a class=\"read-more\" href=\"https:\/\/asso-israa.fr\/maquettes\/mqtF\/lhabitat-inclusif-habited\/\">Lire la suite<\/a><\/p>\n","protected":false},"author":1,"featured_media":0,"parent":0,"menu_order":1,"comment_status":"closed","ping_status":"closed","template":"page-templates\/page-with-right-sidebar.php","meta":{"_lmt_disableupdate":"no","_lmt_disable":"","footnotes":""},"categories":[],"tags":[],"class_list":["post-27","page","type-page","status-publish","hentry"],"_links":{"self":[{"href":"https:\/\/asso-israa.fr\/maquettes\/mqtF\/wp-json\/wp\/v2\/pages\/27","targetHints":{"allow":["GET"]}}],"collection":[{"href":"https:\/\/asso-israa.fr\/maquettes\/mqtF\/wp-json\/wp\/v2\/pages"}],"about":[{"href":"https:\/\/asso-israa.fr\/maquettes\/mqtF\/wp-json\/wp\/v2\/types\/page"}],"author":[{"embeddable":true,"href":"https:\/\/asso-israa.fr\/maquettes\/mqtF\/wp-json\/wp\/v2\/users\/1"}],"replies":[{"embeddable":true,"href":"https:\/\/asso-israa.fr\/maquettes\/mqtF\/wp-json\/wp\/v2\/comments?post=27"}],"version-history":[{"count":0,"href":"https:\/\/asso-israa.fr\/maquettes\/mqtF\/wp-json\/wp\/v2\/pages\/27\/revisions"}],"wp:attachment":[{"href":"https:\/\/asso-israa.fr\/maquettes\/mqtF\/wp-json\/wp\/v2\/media?parent=27"}],"wp:term":[{"taxonomy":"category","embeddable":true,"href":"https:\/\/asso-israa.fr\/maquettes\/mqtF\/wp-json\/wp\/v2\/categories?post=27"},{"taxonomy":"post_tag","embeddable":true,"href":"https:\/\/asso-israa.fr\/maquettes\/mqtF\/wp-json\/wp\/v2\/tags?post=27"}],"curies":[{"name":"wp","href":"https:\/\/api.w.org\/{rel}","templated":true}]}}